{"id":9084,"date":"2025-05-01T01:16:43","date_gmt":"2025-04-30T22:16:43","guid":{"rendered":"https:\/\/zagazaga.ro\/?page_id=9084"},"modified":"2026-03-31T18:21:43","modified_gmt":"2026-03-31T15:21:43","slug":"restaurant-la-iaz","status":"publish","type":"page","link":"https:\/\/zagazaga.ro\/en\/restaurant-la-iaz\/","title":{"rendered":"Restaurant \u201eLa Iaz\u201d"},"content":{"rendered":"<h2>\u201eLa Iaz\u201d<\/h2>\n<p><img decoding=\"async\" src=\"\/wp-content\/uploads\/divider.svg\" alt=\"\"><\/p>\n<div><span>Restaurant <\/span><\/div>\n<div>Restaurant La Iaz<\/div>\n<h2>Delicii<br \/>&amp; Savoare<\/h2>\n<hr>\n<div>\n<p>Povestea <strong>Restaurantului \u201eLa Iaz\u201d<\/strong> prinde contur de la an la an \u0219i v\u0103 invit\u0103 \u00eentr-o c\u0103l\u0103torie culinar\u0103 unic\u0103 \u2013 la fel cum este \u00eensu\u0219i locul \u00een care ne afl\u0103m: <strong>satul de vacan\u021b\u0103 Zaga Zaga<\/strong>.<\/p>\n<p>\u00cen vara lui 2019, am inaugurat una dintre atrac\u021biile principale \u00een sezonul estival:<a href=\"https:\/\/zagazaga.ro\/piscina\/\" target=\"_blank\" rel=\"noopener\"> <strong>\u201eLa Iaz\u201d &#8211; cea mai mare pisicin\u0103 cu ap\u0103 s\u0103rat\u0103 \u0219i \u00eenc\u0103lzit\u0103 din jude\u021bul Vrancea<\/strong><\/a>. La momentul respectiv, pe l\u00e2ng\u0103 barul dedicat func\u021biona \u0219i un restaurant de tip Fish &amp; Chips. Lucrurile au evoluat natural \u0219i odat\u0103 cu sezonul 2022, am deschis oficial <strong>Restaurantul \u201eLa Iaz\u201d<\/strong>.<\/p>\n<p>\u00cen prezent,<strong> Restaurantul \u201eLa Iaz\u201d <\/strong>ofer\u0103 o gam\u0103 divers\u0103 de<strong> preparate locale \u0219i interna\u021bionale<\/strong>, menite s\u0103 acopere c\u00e2t mai multe gusturi \u0219i preferin\u021be.<\/p>\n<p><strong>Poft\u0103 bun\u0103!\u00a0<\/strong><\/p>\n<\/p>\n<\/div>\n<ul>\n<li>\n<p>        <img decoding=\"async\" src=\"\/wp-content\/uploads\/Unorganized\/exterior-restaurant-la-iaz-terasa.jpg\" alt=\"Restaurant \u201eLa Iaz\u201d, Zaga Zaga Sat\"><\/p>\n<h3>La Iaz 1<\/h3>\n<\/li>\n<li>\n<p>        <img decoding=\"async\" src=\"\/wp-content\/uploads\/Unorganized\/restaurat-la-iaz-zaga-04.jpg\" alt=\"Restaurant \u201eLa Iaz\u201d, Zaga Zaga Sat\"><\/p>\n<h3>La Iaz 5<\/h3>\n<\/li>\n<li>\n<p>        <img decoding=\"async\" src=\"\/wp-content\/uploads\/Unorganized\/restaurat-la-iaz-zaga-01.jpg\" alt=\"Restaurant \u201eLa Iaz\u201d, Zaga Zaga Sat\"><\/p>\n<h3>La Iaz 2<\/h3>\n<\/li>\n<li>\n<p>        <img decoding=\"async\" src=\"\/wp-content\/uploads\/Unorganized\/restaurat-la-iaz-zaga-03.jpg\" alt=\"Meniu Restaurant \u201eLa Iaz\u201d, Zaga Zaga Sat\"><\/p>\n<h3>La Iaz 3<\/h3>\n<\/li>\n<li>\n<p>        <img decoding=\"async\" src=\"\/wp-content\/uploads\/Unorganized\/restaurat-la-iaz-zaga-02.jpg\" alt=\"Restaurant \u201eLa Iaz\u201d, Zaga Zaga Sat\"><\/p>\n<h3>La Iaz 4<\/h3>\n<\/li>\n<li>\n<p>        <img decoding=\"async\" src=\"\/wp-content\/uploads\/Unorganized\/exterior-restaurant-la-iaz.jpg\" alt=\"Restaurant \u201eLa Iaz\u201d, Zaga Zaga Sat\"><\/p>\n<h3>La Iaz 5<\/h3>\n<\/li>\n<\/ul>\n<div>Facilit\u0103\u021bi disponibile:<\/div>\n<hr>\n<ul>\n<li>\n<p><img decoding=\"async\" src=\"\/wp-content\/uploads\/icon-zzl-facilitati-parcare.svg\" alt=\"\"><\/p>\n<h3>Parcare<\/h3>\n<div>\n<p>Parcare gratuit\u0103<\/p>\n<\/div>\n<\/li>\n<li>\n<p><img decoding=\"async\" src=\"\/wp-content\/uploads\/icon-zzl-facilitati-card.svg\" alt=\"\"><\/p>\n<h3>Plata cu cardul<\/h3>\n<div>\n<p>Plata cu cardul<\/p>\n<\/div>\n<\/li>\n<li>\n<p><img decoding=\"async\" src=\"\/wp-content\/uploads\/icon-zzl-facilitati-wifi.svg\" alt=\"\"><\/p>\n<h3>Wifi<\/h3>\n<div>\n<p>Internet WiFi<\/p>\n<\/div>\n<\/li>\n<li>\n<p><img decoding=\"async\" src=\"\/wp-content\/uploads\/icon-zzl-facilitati-tichete.svg\" alt=\"\"><\/p>\n<h3>Plata cu Tichete de Vacan\u021b\u0103<\/h3>\n<div>\n<p>Accept\u0103m vouchere de vacan\u021b\u0103 (doar pentru cei caza\u021bi)<\/p>\n<\/div>\n<\/li>\n<li>\n<p><img decoding=\"async\" src=\"\/wp-content\/uploads\/icon-zzl-facilitati-statie_ev.svg\" alt=\"\"><\/p>\n<h3>\u00cenc\u0103rcare ma\u0219ini electrice PPC Blue<\/h3>\n<div>\n<p>Sta\u021bie de \u00eenc\u0103rcare PPC Blue (22 kW)<\/p>\n<\/div>\n<\/li>\n<\/ul>\n<div>Program \u201eLa Iaz\u201d:<\/div>\n<hr>\n<div>\n<div>\n<ul>\n<li><strong style=\"text-align: center;\">Zilnic: 13:00 &#8211; 22:00<\/strong><\/li>\n<\/ul>\n<p>Satul de vacan\u021b\u0103 Zaga Zaga se va redeschide pe <strong>3 aprilie 2026<\/strong>.<br \/>*Ultima comand\u0103 cu 30 de minute \u00eenainte de \u00eenchidere.<\/p>\n<ul class=\"uk-list uk-list-bullet\"><\/ul>\n<\/div>\n<\/div>\n<p><!--more--><br \/>\n<!-- {\"name\":\"Bungalouri\",\"type\":\"layout\",\"children\":[{\"name\":\"Sectiune - Header - Imagine\",\"type\":\"section\",\"props\":{\"class\":\"demo\",\"header_transparent_noplaceholder\":true,\"height\":\"viewport\",\"height_offset_top\":true,\"height_viewport\":80,\"image\":\"wp-content\\\/uploads\\\/Unorganized\\\/restaurant-la-iaz-hero-2025.jpg\",\"image_height\":\"1600\",\"image_parallax_bgx\":\"0,-60\",\"image_position\":\"center-left\",\"image_size\":\"cover\",\"image_width\":\"2560\",\"media_overlay\":\"rgba(33, 44, 88, 0.4)\",\"overlap\":true,\"style\":\"default\",\"title_breakpoint\":\"xl\",\"title_position\":\"top-left\",\"title_rotation\":\"left\",\"vertical_align\":\"middle\",\"width\":\"default\"},\"children\":[{\"type\":\"row\",\"children\":[{\"type\":\"column\",\"props\":{\"image_effect\":\"parallax\",\"image_parallax_bgy\":\"-10,-90\",\"image_parallax_easing\":\"1\",\"image_position\":\"center-center\",\"position_sticky_breakpoint\":\"m\",\"text_color\":\"light\",\"width_medium\":\"1-1\"},\"children\":[{\"type\":\"headline\",\"props\":{\"animation\":\"parallax\",\"content\":\"\\u201eLa Iaz\\u201d\",\"margin\":\"remove-vertical\",\"parallax_breakpoint\":\"m\",\"parallax_easing\":0.8,\"parallax_end\":\"5vh + 5%\",\"parallax_opacity\":\"1,0\",\"parallax_y\":\"0,60\",\"text_align\":\"center\",\"text_align_fallback\":\"center\",\"title_element\":\"h2\",\"title_style\":\"heading-large\"}},{\"type\":\"image\",\"props\":{\"animation\":\"parallax\",\"image\":\"wp-content\\\/uploads\\\/divider.svg\",\"image_height\":\"4\",\"image_svg_color\":\"emphasis\",\"image_width\":\"220\",\"margin\":\"small\",\"parallax_breakpoint\":\"m\",\"parallax_easing\":\"1\",\"parallax_opacity\":\"1,0\",\"parallax_y\":\"0,60\",\"text_align\":\"center\"}},{\"type\":\"headline\",\"props\":{\"animation\":\"parallax\",\"content\":\"<span>Restaurant <\\\/span>\",\"margin\":\"remove-vertical\",\"maxwidth_breakpoint\":\"m\",\"parallax_breakpoint\":\"m\",\"parallax_easing\":0.7,\"parallax_end\":\"5vh + 5%\",\"parallax_opacity\":\"1,0\",\"parallax_y\":\"0,60\",\"text_align\":\"center\",\"text_align_fallback\":\"center\",\"title_element\":\"div\",\"title_style\":\"h3\"}}]}]}]},{\"name\":\"Descriere\",\"type\":\"section\",\"props\":{\"animation\":\"fade\",\"image_position\":\"center-center\",\"padding\":\"large\",\"padding_remove_bottom\":true,\"style\":\"default\",\"title_breakpoint\":\"xl\",\"title_position\":\"top-left\",\"title_rotation\":\"left\",\"vertical_align\":\"middle\",\"width\":\"default\"},\"children\":[{\"type\":\"row\",\"props\":{\"layout\":\"1-2,1-2\",\"margin\":\"large\",\"vertical_align\":true},\"children\":[{\"type\":\"column\",\"props\":{\"image_position\":\"center-center\",\"position_sticky_breakpoint\":\"m\",\"vertical_align\":\"middle\",\"width_medium\":\"1-2\"},\"children\":[{\"type\":\"headline\",\"props\":{\"content\":\"Restaurant La Iaz\",\"margin_remove_bottom\":true,\"margin_remove_top\":false,\"maxwidth\":\"xlarge\",\"text_align\":\"left\",\"title_color\":\"warning\",\"title_element\":\"div\",\"title_style\":\"h3\"}},{\"type\":\"headline\",\"props\":{\"content\":\"Delicii<br \\\/>&amp; Savoare\",\"margin_remove_bottom\":false,\"margin_remove_top\":true,\"text_align_breakpoint\":\"m\",\"title_element\":\"h2\",\"title_style\":\"heading-medium\"}},{\"type\":\"divider\",\"props\":{\"divider_element\":\"hr\",\"divider_style\":\"small\"}},{\"type\":\"text\",\"props\":{\"column_breakpoint\":\"m\",\"content\":\"\n\n<p>Povestea <strong>Restaurantului \\u201eLa Iaz\\u201d<\\\/strong> prinde contur de la an la an \\u0219i v\\u0103 invit\\u0103 \\u00eentr-o c\\u0103l\\u0103torie culinar\\u0103 unic\\u0103 \\u2013 la fel cum este \\u00eensu\\u0219i locul \\u00een care ne afl\\u0103m: <strong>satul de vacan\\u021b\\u0103 Zaga Zaga<\\\/strong>.<\\\/p>\\n\n\n<p>\\u00cen vara lui 2019, am inaugurat una dintre atrac\\u021biile principale \\u00een sezonul estival:<a href=\\\"https:\\\/\\\/zagazaga.ro\\\/piscina\\\/\\\" target=\\\"_blank\\\" rel=\\\"noopener\\\"> <strong>\\u201eLa Iaz\\u201d - cea mai mare pisicin\\u0103 cu ap\\u0103 s\\u0103rat\\u0103 \\u0219i \\u00eenc\\u0103lzit\\u0103 din jude\\u021bul Vrancea<\\\/strong><\\\/a>. La momentul respectiv, pe l\\u00e2ng\\u0103 barul dedicat func\\u021biona \\u0219i un restaurant de tip Fish &amp; Chips. Lucrurile au evoluat natural \\u0219i odat\\u0103 cu sezonul 2022, am deschis oficial <strong>Restaurantul \\u201eLa Iaz\\u201d<\\\/strong>.<\\\/p>\\n\n\n<p>\\u00cen prezent,<strong> Restaurantul \\u201eLa Iaz\\u201d <\\\/strong>ofer\\u0103 o gam\\u0103 divers\\u0103 de<strong> preparate locale \\u0219i interna\\u021bionale<\\\/strong>, menite s\\u0103 acopere c\\u00e2t mai multe gusturi \\u0219i preferin\\u021be.<\\\/p>\\n\n\n<p><strong>Poft\\u0103 bun\\u0103!\\u00a0<\\\/strong><\\\/p>\\n\n\n<p><\\\/p>\",\"margin\":\"medium\",\"maxwidth\":\"xlarge\",\"maxwidth_breakpoint\":\"m\",\"text_align_breakpoint\":\"m\"}}]},{\"type\":\"column\",\"props\":{\"image_position\":\"center-center\",\"position_sticky_breakpoint\":\"m\",\"vertical_align\":\"middle\",\"width_medium\":\"1-2\"},\"children\":[{\"type\":\"slideshow\",\"props\":{\"image_width\":\"1280\",\"link_style\":\"default\",\"link_text\":\"Read more\",\"margin\":\"default\",\"meta_align\":\"below-title\",\"meta_element\":\"div\",\"meta_style\":\"text-meta\",\"nav\":\"dotnav\",\"nav_align\":\"center\",\"nav_below\":false,\"nav_breakpoint\":\"\",\"nav_position\":\"bottom-left\",\"nav_position_margin\":\"medium\",\"nav_vertical\":false,\"overlay_animation\":\"parallax\",\"overlay_container_padding\":\"large\",\"overlay_position\":\"center\",\"show_content\":false,\"show_link\":false,\"show_meta\":false,\"show_thumbnail\":false,\"show_title\":false,\"slidenav\":\"\",\"slidenav_breakpoint\":\"s\",\"slidenav_margin\":\"medium\",\"slidenav_outside_breakpoint\":\"xl\",\"slideshow_autoplay\":false,\"slideshow_autoplay_pause\":true,\"slideshow_box_decoration\":\"mask\",\"slideshow_min_height\":\"300\",\"slideshow_ratio\":\"1280:800\",\"text_color\":\"light\",\"thumbnav_height\":\"75\",\"thumbnav_svg_color\":\"emphasis\",\"thumbnav_width\":\"100\",\"title_element\":\"h3\"},\"children\":[{\"type\":\"slideshow_item\",\"props\":{\"image\":\"wp-content\\\/uploads\\\/Unorganized\\\/exterior-restaurant-la-iaz-terasa.jpg\",\"image_alt\":\"Restaurant \\u201eLa Iaz\\u201d, Zaga Zaga Sat\",\"link_text\":\"9898\",\"title\":\"La Iaz 1\"}},{\"type\":\"slideshow_item\",\"props\":{\"image\":\"wp-content\\\/uploads\\\/Unorganized\\\/restaurat-la-iaz-zaga-04.jpg\",\"image_alt\":\"Restaurant \\u201eLa Iaz\\u201d, Zaga Zaga Sat\",\"link_text\":\"9898\",\"title\":\"La Iaz 5\"}},{\"type\":\"slideshow_item\",\"props\":{\"image\":\"wp-content\\\/uploads\\\/Unorganized\\\/restaurat-la-iaz-zaga-01.jpg\",\"image_alt\":\"Restaurant \\u201eLa Iaz\\u201d, Zaga Zaga Sat\",\"link_text\":\"9898\",\"title\":\"La Iaz 2\"}},{\"type\":\"slideshow_item\",\"props\":{\"image\":\"wp-content\\\/uploads\\\/Unorganized\\\/restaurat-la-iaz-zaga-03.jpg\",\"image_alt\":\"Meniu Restaurant \\u201eLa Iaz\\u201d, Zaga Zaga Sat\",\"link_text\":\"9898\",\"title\":\"La Iaz 3\"}},{\"type\":\"slideshow_item\",\"props\":{\"image\":\"wp-content\\\/uploads\\\/Unorganized\\\/restaurat-la-iaz-zaga-02.jpg\",\"image_alt\":\"Restaurant \\u201eLa Iaz\\u201d, Zaga Zaga Sat\",\"link_text\":\"9898\",\"title\":\"La Iaz 4\"}},{\"type\":\"slideshow_item\",\"props\":{\"image\":\"wp-content\\\/uploads\\\/Unorganized\\\/exterior-restaurant-la-iaz.jpg\",\"image_alt\":\"Restaurant \\u201eLa Iaz\\u201d, Zaga Zaga Sat\",\"link_text\":\"9898\",\"title\":\"La Iaz 5\"}}]}]}]},{\"type\":\"row\",\"props\":{\"column_gap\":\"large\",\"layout\":\"expand,large\"},\"children\":[{\"type\":\"column\",\"props\":{\"image_position\":\"center-center\",\"position_sticky_breakpoint\":\"m\",\"width_medium\":\"expand\"},\"children\":[{\"type\":\"headline\",\"props\":{\"content\":\"Facilit\\u0103\\u021bi disponibile:\",\"margin\":\"medium\",\"margin_remove_bottom\":true,\"margin_remove_top\":false,\"text_align\":\"left\",\"title_element\":\"div\",\"title_style\":\"h3\"}},{\"type\":\"divider\",\"props\":{\"divider_element\":\"hr\",\"divider_style\":\"small\"}},{\"name\":\"List\\u0103 cu iconi\\u021be\",\"type\":\"grid\",\"props\":{\"content_column_breakpoint\":\"m\",\"content_style\":\"text-lead\",\"filter_align\":\"left\",\"filter_all\":true,\"filter_grid_breakpoint\":\"m\",\"filter_grid_width\":\"auto\",\"filter_position\":\"top\",\"filter_style\":\"tab\",\"grid_default\":\"2\",\"grid_divider\":false,\"grid_large\":\"2\",\"grid_medium\":\"3\",\"grid_small\":\"3\",\"icon_width\":60,\"image_align\":\"left\",\"image_grid_breakpoint\":\"m\",\"image_grid_row_gap\":\"medium\",\"image_grid_width\":\"auto\",\"image_svg_animate\":false,\"image_svg_color\":\"primary\",\"image_svg_inline\":true,\"image_vertical_align\":true,\"image_width\":\"77\",\"item_animation\":true,\"link_style\":\"default\",\"link_text\":\"Read more\",\"margin\":\"medium\",\"margin_remove_top\":false,\"meta_align\":\"below-title\",\"meta_element\":\"div\",\"meta_style\":\"text-meta\",\"parallax_easing\":\"1\",\"show_content\":true,\"show_image\":true,\"show_link\":false,\"show_meta\":true,\"show_title\":false,\"text_align\":\"left\",\"text_align_breakpoint\":\"m\",\"text_align_fallback\":\"center\",\"title_align\":\"top\",\"title_element\":\"h3\",\"title_grid_breakpoint\":\"m\",\"title_grid_width\":\"1-2\",\"title_hover_style\":\"reset\"},\"children\":[{\"type\":\"grid_item\",\"props\":{\"content\":\"\n\n<p>Parcare gratuit\\u0103<\\\/p>\",\"image\":\"wp-content\\\/uploads\\\/icon-zzl-facilitati-parcare.svg\",\"title\":\"Parcare\"}},{\"type\":\"grid_item\",\"props\":{\"content\":\"\n\n<p>Plata cu cardul<\\\/p>\",\"image\":\"wp-content\\\/uploads\\\/icon-zzl-facilitati-card.svg\",\"meta\":\"\",\"title\":\"Plata cu cardul\"}},{\"type\":\"grid_item\",\"props\":{\"content\":\"\n\n<p>Internet WiFi<\\\/p>\",\"image\":\"wp-content\\\/uploads\\\/icon-zzl-facilitati-wifi.svg\",\"title\":\"Wifi\"}},{\"type\":\"grid_item\",\"props\":{\"content\":\"\n\n<p>Accept\\u0103m vouchere de vacan\\u021b\\u0103 (doar pentru cei caza\\u021bi)<\\\/p>\",\"image\":\"wp-content\\\/uploads\\\/icon-zzl-facilitati-tichete.svg\",\"title\":\"Plata cu Tichete de Vacan\\u021b\\u0103\"}},{\"type\":\"grid_item\",\"props\":{\"content\":\"\n\n<p>Sta\\u021bie de \\u00eenc\\u0103rcare PPC Blue (22 kW)<\\\/p>\",\"image\":\"wp-content\\\/uploads\\\/icon-zzl-facilitati-statie_ev.svg\",\"title\":\"\\u00cenc\\u0103rcare ma\\u0219ini electrice PPC Blue\"}}]}]},{\"type\":\"column\",\"props\":{\"image_position\":\"center-center\",\"position_sticky_breakpoint\":\"m\",\"width_medium\":\"auto\"},\"children\":[{\"type\":\"headline\",\"props\":{\"content\":\"Program \\u201eLa Iaz\\u201d:\",\"margin\":\"medium\",\"margin_remove_bottom\":true,\"margin_remove_top\":false,\"text_align\":\"left\",\"title_element\":\"div\",\"title_style\":\"h3\"}},{\"type\":\"divider\",\"props\":{\"divider_element\":\"hr\",\"divider_style\":\"small\"}},{\"type\":\"panel\",\"props\":{\"block_align_breakpoint\":\"m\",\"content\":\"\n\n<ul>\\n\n\n<li><strong style=\\\"text-align: center;\\\">Zilnic: 13:00 - 22:00<\\\/strong><\\\/li>\\n<\\\/ul>\\n\n\n<p>Satul de vacan\\u021b\\u0103 Zaga Zaga se va redeschide pe <strong>3 aprilie 2026<\\\/strong>.<br \\\/>*Ultima comand\\u0103 cu 30 de minute \\u00eenainte de \\u00eenchidere.<\\\/p>\\n\n\n<ul class=\\\"uk-list uk-list-bullet\\\"><\\\/ul>\",\"content_column_breakpoint\":\"m\",\"icon\":\"clock\",\"icon_color\":\"primary\",\"icon_width\":40,\"image_align\":\"top\",\"image_grid_breakpoint\":\"s\",\"image_grid_width\":\"auto\",\"image_svg_color\":\"emphasis\",\"image_vertical_align\":false,\"link_style\":\"default\",\"link_text\":\"Read more\",\"margin\":\"medium\",\"margin_remove_top\":false,\"maxwidth\":\"large\",\"maxwidth_breakpoint\":\"m\",\"meta\":\"\",\"meta_align\":\"below-title\",\"meta_element\":\"div\",\"meta_style\":\"text-meta\",\"panel_padding\":\"default\",\"panel_style\":\"card-default\",\"title\":\"\",\"title_align\":\"top\",\"title_color\":\"warning\",\"title_decoration\":\"divider\",\"title_element\":\"h3\",\"title_grid_breakpoint\":\"m\",\"title_grid_width\":\"1-2\",\"title_hover_style\":\"reset\",\"title_style\":\"h3\"}},{\"type\":\"panel\",\"props\":{\"block_align_breakpoint\":\"m\",\"content\":\"\n\n<p>\\u00cen prezent, <strong>Cherhanaua plutitoare<\\\/strong> este <strong>\\u00ceNCHIS\\u0102<\\\/strong>.<\\\/p>\\n\n\n<p>V\\u0103 a\\u0219tept\\u0103m cu drag \\u00een cadrul\\u00a0<a href=\\\"https:\\\/\\\/zagazaga.ro\\\/piscina\\\/\\\" target=\\\"_blank\\\" rel=\\\"noopener\\\"><strong>Restaurantului \\u201eLa Iaz\\u201d<\\\/strong><\\\/a>.<\\\/p>\",\"content_column_breakpoint\":\"m\",\"icon\":\"clock\",\"icon_color\":\"primary\",\"icon_width\":40,\"image_align\":\"left\",\"image_grid_breakpoint\":\"s\",\"image_grid_width\":\"auto\",\"image_svg_color\":\"emphasis\",\"image_vertical_align\":false,\"link_style\":\"default\",\"link_text\":\"Read more\",\"margin\":\"medium\",\"margin_remove_top\":false,\"maxwidth\":\"large\",\"maxwidth_breakpoint\":\"m\",\"meta\":\"\",\"meta_align\":\"below-title\",\"meta_element\":\"div\",\"meta_style\":\"text-meta\",\"panel_padding\":\"default\",\"panel_style\":\"card-default\",\"status\":\"disabled\",\"title\":\"\",\"title_align\":\"top\",\"title_color\":\"warning\",\"title_decoration\":\"divider\",\"title_element\":\"h3\",\"title_grid_breakpoint\":\"m\",\"title_grid_width\":\"1-2\",\"title_hover_style\":\"reset\",\"title_style\":\"h3\"}}]}]}]},{\"name\":\"Menu\",\"type\":\"section\",\"props\":{\"animation\":\"fade\",\"animation_delay\":false,\"css\":\".el-section .uk-container {\\n    background: rgba(255,255,255,.75);\\n\\tmargin-top: 20px;\\n    margin-bottom: 20px;\\n    padding-left: 80px;\\n    padding-right: 80px;\\n    box-shadow: 0px 0px 10px 10px rgba(30,34,30,.02);\\n}\\n\\n@media (max-width: 1600px) {\\n    .el-section .uk-container {\\n        padding-left: 40px;\\n        padding-right: 40px;\\n    }\\n}\",\"image_position\":\"center-center\",\"padding_remove_horizontal\":true,\"status\":\"disabled\",\"style\":\"default\",\"title_breakpoint\":\"xl\",\"title_position\":\"top-left\",\"title_rotation\":\"left\",\"vertical_align\":\"middle\",\"width\":\"default\"},\"children\":[{\"type\":\"row\",\"props\":{\"margin\":\"large\"},\"children\":[{\"type\":\"column\",\"props\":{\"image_position\":\"center-center\",\"position_sticky_breakpoint\":\"m\",\"width_medium\":\"1-1\"}}]},{\"type\":\"row\",\"props\":{\"margin_remove_bottom\":false,\"margin_remove_top\":false},\"children\":[{\"type\":\"column\",\"props\":{\"image_position\":\"center-center\",\"position_sticky_breakpoint\":\"m\",\"width_medium\":\"1-1\"},\"children\":[{\"type\":\"headline\",\"props\":{\"content\":\"MENIU\",\"text_align\":\"center\",\"title_element\":\"h2\",\"title_style\":\"heading-medium\"}},{\"type\":\"divider\",\"props\":{\"divider_align\":\"center\",\"divider_element\":\"div\",\"divider_style\":\"small\"}}]}]},{\"type\":\"row\",\"props\":{\"column_gap\":\"collapse\",\"margin\":\"large\",\"margin_remove_bottom\":true,\"match\":false,\"row_gap\":\"large\",\"vertical_align\":false},\"children\":[{\"type\":\"column\",\"props\":{\"image_position\":\"center-center\",\"position_sticky_breakpoint\":\"m\"},\"children\":[{\"type\":\"gallery\",\"props\":{\"filter_align\":\"left\",\"filter_all\":true,\"filter_grid_breakpoint\":\"m\",\"filter_grid_width\":\"auto\",\"filter_position\":\"top\",\"filter_style\":\"tab\",\"grid_column_gap\":\"small\",\"grid_default\":\"1\",\"grid_divider\":false,\"grid_medium\":\"2\",\"grid_row_gap\":\"medium\",\"image_transition\":\"scale-up\",\"item_animation\":true,\"lightbox\":true,\"lightbox_image_orientation\":true,\"link_style\":\"\",\"link_text\":\"\",\"margin\":\"default\",\"meta_align\":\"below-title\",\"meta_color\":\"primary\",\"meta_element\":\"div\",\"meta_style\":\"h5\",\"meta_transition\":\"fade\",\"overlay_hover\":true,\"overlay_link\":true,\"overlay_mode\":\"cover\",\"overlay_position\":\"center\",\"overlay_style\":\"overlay-default\",\"overlay_transition\":\"fade\",\"parallax_easing\":\"1\",\"show_content\":false,\"show_hover_image\":true,\"show_link\":true,\"show_meta\":true,\"show_title\":false,\"text_align\":\"center\",\"text_color\":\"dark\",\"title_element\":\"h3\",\"title_hover_style\":\"reset\"},\"children\":[{\"type\":\"gallery_item\",\"props\":{\"image\":\"wp-content\\\/uploads\\\/Unorganized\\\/Meniu-Iaz-2025-II-FINAL-print_Page_1-scaled.jpg\",\"meta\":\"<span uk-icon=\\\"icon: search; width: 50; height: 50;\\\" class=\\\"uk-icon\\\"><\\\/span>\",\"title\":\"MENIU-la-iaz-2025-1\"}},{\"type\":\"gallery_item\",\"props\":{\"image\":\"wp-content\\\/uploads\\\/Unorganized\\\/Meniu-Iaz-2025_Page_2.jpg\",\"meta\":\"<span uk-icon=\\\"icon: search; width: 50; height: 50;\\\" class=\\\"uk-icon\\\"><\\\/span>\",\"title\":\"MENIU-la-iaz-2025-2\"}},{\"type\":\"gallery_item\",\"props\":{\"image\":\"wp-content\\\/uploads\\\/Unorganized\\\/Meniu-Iaz-2025_Page_3.jpg\",\"meta\":\"<span uk-icon=\\\"icon: search; width: 50; height: 50;\\\" class=\\\"uk-icon\\\"><\\\/span>\",\"title\":\"MENIU-la-iaz-2025-3\"}},{\"type\":\"gallery_item\",\"props\":{\"image\":\"wp-content\\\/uploads\\\/Unorganized\\\/Meniu-Iaz-2025_Page_4.jpg\",\"meta\":\"<span uk-icon=\\\"icon: search; width: 50; height: 50;\\\" class=\\\"uk-icon\\\"><\\\/span>\",\"title\":\"MENIU-la-iaz-2025-4\"}},{\"type\":\"gallery_item\",\"props\":{\"image\":\"wp-content\\\/uploads\\\/Unorganized\\\/Meniu-Iaz-2025_Page_5.jpg\",\"meta\":\"<span uk-icon=\\\"icon: search; width: 50; height: 50;\\\" class=\\\"uk-icon\\\"><\\\/span>\",\"title\":\"MENIU-la-iaz-2025-5\"}},{\"type\":\"gallery_item\",\"props\":{\"image\":\"wp-content\\\/uploads\\\/Unorganized\\\/Meniu-Iaz-2025_Page_6.jpg\",\"meta\":\"<span uk-icon=\\\"icon: search; width: 50; height: 50;\\\" class=\\\"uk-icon\\\"><\\\/span>\",\"title\":\"MENIU-la-iaz-2025-6\"}},{\"type\":\"gallery_item\",\"props\":{\"image\":\"wp-content\\\/uploads\\\/Unorganized\\\/Meniu-Iaz-2025_Page_7.jpg\",\"meta\":\"<span uk-icon=\\\"icon: search; width: 50; height: 50;\\\" class=\\\"uk-icon\\\"><\\\/span>\",\"title\":\"MENIU-la-iaz-2025-7\"}},{\"type\":\"gallery_item\",\"props\":{\"image\":\"wp-content\\\/uploads\\\/Unorganized\\\/Meniu-Iaz-2025_Page_8.jpg\",\"meta\":\"<span uk-icon=\\\"icon: search; width: 50; height: 50;\\\" class=\\\"uk-icon\\\"><\\\/span>\",\"title\":\"MENIU-la-iaz-2025-8\"}}]}]}]},{\"type\":\"row\",\"children\":[{\"type\":\"column\",\"props\":{\"image_position\":\"center-center\",\"position_sticky_breakpoint\":\"m\"}}]}]},{\"name\":\"Quote\",\"type\":\"section\",\"props\":{\"animation\":\"fade\",\"image_position\":\"center-center\",\"padding_remove_top\":false,\"style\":\"default\",\"title_breakpoint\":\"xl\",\"title_position\":\"top-left\",\"title_rotation\":\"left\",\"vertical_align\":\"middle\",\"width\":\"default\"},\"children\":[{\"type\":\"row\",\"props\":{\"column_gap\":\"large\",\"layout\":\"large,expand\",\"match\":false,\"row_gap\":\"large\",\"status\":\"disabled\"},\"children\":[{\"type\":\"column\",\"props\":{\"image_position\":\"center-center\",\"position_sticky_breakpoint\":\"m\",\"width_small\":\"auto\"},\"children\":[{\"type\":\"image\",\"props\":{\"image\":\"wp-content\\\/uploads\\\/chef-george.jpg\",\"image_box_decoration\":\"mask\",\"image_svg_color\":\"emphasis\",\"image_width\":\"250\",\"margin\":\"default\"}}]},{\"type\":\"column\",\"props\":{\"image_position\":\"center-center\",\"position_sticky_breakpoint\":\"m\",\"vertical_align\":\"middle\",\"width_small\":\"expand\"},\"children\":[{\"type\":\"quotation\",\"props\":{\"author\":\"Chef George Icsulescu\",\"content\":\"\n\n<p>Lorem ipsum dolor sit amet, consectetur adipisicing elit, sed do eiusmod tempor incididunt ut labore et dolore magna aliqua. Ut enim ad minim veniam, quis nostrud exercitation ullamco laboris nisi ut aliquip ex ea commodo.<\\\/p>\"}}]}]},{\"type\":\"row\",\"props\":{\"margin\":\"large\"},\"children\":[{\"type\":\"column\",\"props\":{\"image_position\":\"center-center\",\"position_sticky_breakpoint\":\"m\",\"width_medium\":\"1-1\"}}]}]}],\"version\":\"4.3.5\"} --><\/p>\n","protected":false},"excerpt":{"rendered":"<p>\u201eLa Iaz\u201d Restaurant Restaurant La Iaz Delicii&amp; Savoare Povestea Restaurantului \u201eLa Iaz\u201d prinde contur de la an la an \u0219i v\u0103 invit\u0103 \u00eentr-o c\u0103l\u0103torie culinar\u0103 unic\u0103 \u2013 la fel cum este \u00eensu\u0219i locul \u00een care ne afl\u0103m: satul de vacan\u021b\u0103 Zaga Zaga. \u00cen vara lui 2019, am inaugurat una dintre atrac\u021biile principale \u00een sezonul estival: [&hellip;]<\/p>\n","protected":false},"author":1,"featured_media":10897,"parent":0,"menu_order":0,"comment_status":"closed","ping_status":"closed","template":"","meta":{"footnotes":""},"class_list":["post-9084","page","type-page","status-publish","has-post-thumbnail","hentry"],"_links":{"self":[{"href":"https:\/\/zagazaga.ro\/en\/wp-json\/wp\/v2\/pages\/9084","targetHints":{"allow":["GET"]}}],"collection":[{"href":"https:\/\/zagazaga.ro\/en\/wp-json\/wp\/v2\/pages"}],"about":[{"href":"https:\/\/zagazaga.ro\/en\/wp-json\/wp\/v2\/types\/page"}],"author":[{"embeddable":true,"href":"https:\/\/zagazaga.ro\/en\/wp-json\/wp\/v2\/users\/1"}],"replies":[{"embeddable":true,"href":"https:\/\/zagazaga.ro\/en\/wp-json\/wp\/v2\/comments?post=9084"}],"version-history":[{"count":29,"href":"https:\/\/zagazaga.ro\/en\/wp-json\/wp\/v2\/pages\/9084\/revisions"}],"predecessor-version":[{"id":11555,"href":"https:\/\/zagazaga.ro\/en\/wp-json\/wp\/v2\/pages\/9084\/revisions\/11555"}],"wp:featuredmedia":[{"embeddable":true,"href":"https:\/\/zagazaga.ro\/en\/wp-json\/wp\/v2\/media\/10897"}],"wp:attachment":[{"href":"https:\/\/zagazaga.ro\/en\/wp-json\/wp\/v2\/media?parent=9084"}],"curies":[{"name":"wp","href":"https:\/\/api.w.org\/{rel}","templated":true}]}}