{"id":6667,"date":"2022-04-30T13:08:37","date_gmt":"2022-04-30T10:08:37","guid":{"rendered":"https:\/\/zagazaga.ro\/?page_id=6667"},"modified":"2025-05-20T23:01:07","modified_gmt":"2025-05-20T20:01:07","slug":"regulament-piscina","status":"publish","type":"page","link":"https:\/\/zagazaga.ro\/en\/regulament-piscina\/","title":{"rendered":"Regulament piscin\u0103"},"content":{"rendered":"<div>\n<div class=\"uk-visible@s\" style=\"height: 100px\"><\/div>\n<\/div>\n<h6>Sezon 2025<\/h6>\n<h1>REGULAMENT <br class=\"hideprint\"\/>PISCIN\u0102<\/h1>\n<div>\n<div>\n<p><strong>D<\/strong><strong>ragi oaspe\u021bi \u0219i\u00a0<\/strong><strong>vizitatori<\/strong><strong>, <\/strong><\/p>\n<p>Pentru a v\u0103 asigura bun\u0103starea pe toat\u0103 perioada \u0219ederii \u00een <strong>satul de vacan\u021b\u0103 Zaga Zaga<\/strong>, v\u0103 rug\u0103m s\u0103 lua\u0163i act de politica de func\u0163ionare a acestei loca\u0163ii, implicit s\u0103 respecta\u0163i regulile interne.<\/p>\n<ul>\n<li>Accesul \u015fi ie\u015firea din zona \u201eLa Iaz\u201d se fac doar prin punctele special amenajate \u015fi doar pe baz\u0103 de br\u0103\u0163ar\u0103.<\/li>\n<li>Alimentele \u015fi b\u0103uturile comandate \u00een perioada \u015federii \u201eLa Iaz\u201d vor fi \u00eenregistrate pe br\u0103\u0163ar\u0103 \u0219i vor fi achitate la ie\u015fire. \u00cen cazul \u00een care serviciile comandate ating limita maxim\u0103 setat\u0103 pe acest dispozitiv, pute\u0163i achita valoarea serviciilor comandate, iar ulterior dispozitivul poate fi resetat pentru a \u00eenregistra alte servicii.<\/li>\n<li>Pierderea bra\u0163\u0103rii implica un cost de 50 lei\/br\u0103\u0163ar\u0103 (cost dispozitiv) \u015fi plata consuma\u0163iei \u00eenregistrat\u0103 pe aceasta. \u00cen lipsa unor dovezi clare referitoare la suma \u00eenregistrat\u0103 pe br\u0103\u0163ar\u0103 prin serviciile comandate, clientul va achita valoarea maxim\u0103 setat\u0103 pe acest dispozitiv.<\/li>\n<\/ul>\n<p><strong>Zaga Zaga Sat este proprietate privat\u0103 \u0219i \u00ee\u015fi rezerv\u0103 dreptul de a restric\u021biona accesul temporar sau definitiv oric\u0103rei persoane a c\u0103rei atitudine sau maniere sunt considerate o \u00eenc\u0103lcare a moralei sau care deranjeaz\u0103 ceilal\u021bi membri sau care nu se supun prezentului regulament.<\/strong><\/p>\n<h5>RESTRIC\u021aII \/ INTERDIC\u021aII<\/h5>\n<ul>\n<li>Accesul cu alimente\/b\u0103uturi din afara loca\u0163iei.<\/li>\n<li>Consumul b\u0103uturilor alcoolice \u0219i al alimentelor de orice fel \u00een bazin sau \u00een jurul bazinului.<\/li>\n<li>Accesul persoanelor aflate sub influen\u021ba alcoolului sau a drogurilor, cu aspect resping\u0103tor sau \u00een haine murdare.<\/li>\n<li>Accesul personelor cu pl\u0103gi deschise, dermite, dermatoze sau boli transmisibile \u2013 unitatea \u00ee\u015fi rezerv\u0103 dreptul de a refuza accesul persoanelor care prezint\u0103 afec\u021biuni ale pielii, \u00een piscin\u0103.<\/li>\n<li>Accesul cu animale de companie.<\/li>\n<li>Alerg\u0103rile sau jocurile imprudente pe marginea bazinului. Nu ne asum\u0103m r\u0103spunderea asupra unor eventuale accidente sau probleme de s\u0103n\u0103tate cauzate din aceste motive.<\/li>\n<li>Se interzice cu des\u0103v\u00e2r\u0219ire s\u0103 se urineze \u00een apa piscinei! Reactivii din ap\u0103 vor indica persoana care face acest lucru \u0219i acesteia i se va imputa schimbarea apei piscinei precum \u0219i desp\u0103gubirea celorlal\u021bi clien\u021bi prezen\u021bi la piscin\u0103.<\/li>\n<li>Folosirea unui limbaj obscen, necuviincios, gesturi indecente, violente, c\u00e2t \u0219i un comportament care s\u0103 afecteze confortul \u0219i integritatea fizic\u0103 a clien\u021bilor \u0219i a personalului Zaga Zaga Sat.<\/li>\n<li>Este interzis\u0103 filmarea fotografierea f\u0103r\u0103 o conven\u021bie special\u0103 cu administra\u021bia ZagaZaga Sat.<\/li>\n<li>Copiii sub 7 ani au acces \u00een piscin\u0103 numai \u00eenso\u021bi\u021bi \u0219i supraveghea\u021bi de p\u0103rin\u021bi! Este strict interzis accesul minorilor \u00een bazine ne\u00eenso\u021bi\u021bi sau nesupraveghea\u021bi.<\/li>\n<\/ul>\n<h5>REGULI GENERALE \u201eLa Iaz\u201d<\/h5>\n<ul>\n<li>Afec\u021biunile de s\u0103n\u0103tate ascunse, nedeclarate, exonereaz\u0103 Zaga Zaga Sat de orice responsabilitate.<\/li>\n<li>Accesul \u00een piscin\u0103 se va face dup\u0103 efecturea unui du\u0219 de presp\u0103lare pentru \u00eenl\u0103turarea substan\u021belor acide de pe corp (provenite din procesul natural de transpira\u021bie).<\/li>\n<li>Intrarea \u00een piscin\u0103 se face numai \u00een costum de baie, nu este permis\u0103 intrarea \u00een ap\u0103 \u00een \u021binut\u0103 de strad\u0103. Persoanele care nu respect\u0103 aceast\u0103 regul\u0103 vor fi evacuate din piscin\u0103.<\/li>\n<li>Au acces \u00een piscin\u0103 doar persoanele care au pl\u0103tit contravaloarea tarifului de intrare aferent acestui serviciu \u2013 cei care \u00een urma unei verific\u0103ri efectuate de c\u0103tre personalul autorizat nu pot justifica efectuarea acestei pl\u0103\u021bi (br\u0103\u021bar\u0103, bon fiscal etc.) vor fi evacua\u021bi din incinta complexului.<\/li>\n<li>Pentru persoanele cu p\u0103rul lung recomand\u0103m folosirea c\u0103\u0219tilor.<\/li>\n<li>\u00cen incinta Zaga Zaga Sat este obligatorie p\u0103strarea cur\u0103\u021beniei \u0219i respectarea normelor igienico-sanitare.<\/li>\n<li>V\u0103 rug\u0103m s\u0103 respecta\u021bi personalul \u0219i s\u0103 nu deteriora\u021bi bunurile complexului: moblier, aparatur\u0103, instala\u021biile igienico-sanitare. Deteriorarea bunurilor complexului atrage de la sine imputarea acestora, persoanelor care au cauzat acest lucru.<\/li>\n<li>Nu r\u0103spundem de lucrurile personale\/obiectele de valoare l\u0103sate \u00een vestiar sau de cele uitate sau pierdute.<\/li>\n<\/ul>\n<p><strong>Persoanele care \u00eencalc\u0103 prezentul regulament, vor fi evacuate, iar \u00een cazul repet\u0103rii indisciplinei, nu vor mai avea acces \u00een incinta satului de vacan\u021b\u0103 Zaga Zaga.<\/strong><\/p>\n<p>Nerespectarea obliga\u021biilor precizate mai sus conduce la aplicarea de avertismente \u0219i sanc\u021biuni, dup\u0103 cum urmeaz\u0103:<\/p>\n<ul>\n<li>La \u00eenc\u0103lcarea regulilor de igien\u0103 prev\u0103zute, clientul va fi avertizat verbal urm\u00e2nd ca \u00eenc\u0103lcarea repetat\u0103 a regulilor s\u0103 conduc\u0103 la anularea abonamentului \u0219i interzicerea accesului \u00een incinta complexului;<\/li>\n<li>Sanc\u021biunile de mai sus se aplic\u0103 \u0219i pentru nerespectarea ordinei \u0219i cur\u0103\u021beniei \u00een incint\u0103;<\/li>\n<li>La producerea de pagube sau exploatarea defectuoas\u0103 a bunurilor din dotare, persoanele stabilite vinovate vor suporta integral paguba produs\u0103;<\/li>\n<li>Refuzul de a suporta pagubele produse prin utilizarea defectuos\u0103, producerea de distrugere a dot\u0103rilor, echipamentelor, spa\u021biilor sau oric\u0103ror alte bunuri puse la dispozi\u021bie, atrage dup\u0103 sine consecin\u021bele prev\u0103zute de reglement\u0103rile \u0219i legisla\u021bia \u00een vigoare.<\/li>\n<li>Managerul nu \u00ee\u015fi asum\u0103 responsabilitatea pentru nerespectarea prezentului regulament de c\u0103tre client \u0219i nu va acorda desp\u0103gubiri morale sau financiare \u00een cazul producerii de accidente, pagube morale sau materiale.<\/li>\n<li>Orice litigiu sau ne\u00een\u021belegere va fi rezolvat\u0103 pe cale amiabil\u0103 \u00eentre p\u0103r\u021bi, iar \u00een cazul nerezolv\u0103rii acestora, litigiile vor fi solu\u021bionate \u00een instant\u0103.<\/li>\n<\/ul>\n<h5>CONTRAINDICA\u021aII<\/h5>\n<p><strong>Le este interzis persoanelor care prezint\u0103 una sau mai multe boli din cele enumerate mai jos s\u0103 intre \u00een piscine publice, bazine de \u00eenot, b\u0103i comunale, du\u0219uri comune:<\/strong><\/p>\n<ul>\n<li>Alergii cunoscute la clor \u0219i compu\u0219ii lui;<\/li>\n<li>Boli alergice, altele dec\u00e2t cele la clor;<\/li>\n<li>Conjunctivita sau cheratita cronic\u0103;<\/li>\n<li>Boli cronice ale c\u0103ilor respiratorii superioare;<\/li>\n<li>Bronhopneumopatii cronice, inclusiv astm bron\u0219ic;<\/li>\n<li>Dermatoze sau alte boli ale pielii;<\/li>\n<li>Anemie;<\/li>\n<li>Epilepsie;<\/li>\n<li>Afec\u021biuni psihice;<\/li>\n<li>Afec\u021biuni neurologice;<\/li>\n<li>Boli infecto-contagioase \u00een evolu\u021bie (inclusiv stare de purt\u0103tor p\u00e2n\u0103 la sterilizare);<\/li>\n<li>Tuberculoz\u0103;<\/li>\n<li>Infec\u021bii cu e.coli, giardioza, shigella, salmonella, vibrio hepatita A;<\/li>\n<li>Pl\u0103gi deschise;<\/li>\n<li>Totodat\u0103 este interzis accesul \u00een piscin\u0103 persoanelor care au consumat b\u0103uturi alcoolice \u0219i\/sau substan\u021be halucinogene.<\/li>\n<\/ul>\n<p><strong>V\u0103 mul\u021bumim pentru \u00een\u021belegere \u0219i v\u0103 a\u0219tept\u0103m cu drag!\u00a0<\/strong><\/p>\n<\/div>\n<\/div>\n<div>\n    <form method=\"POST\" action=\"https:\/\/pdf.zagazaga.ro\/generate\" target=\"_blank\" style=\"display:inline;\">\n        <input type=\"hidden\" name=\"page_url\" value=\"https:\/\/zagazaga.ro\/en\/wp-json\/wp\/v2\/pages\/6667\">\n        <input type=\"hidden\" name=\"page_title\" value=\"Regulament piscin\u0103\">\n        <button type=\"submit\" class=\"uk-button uk-button-danger uk-button-large uk-flex-inline uk-flex-center uk-flex-middle\">Export PDF<span class=\"uk-margin-small-left uk-icon\" uk-icon=\"file-pdf\"><\/span><\/button>\n    <\/form>\n    <\/div>\n<p><!--more--><br \/>\n<!-- {\"name\":\"Terms of Service\",\"type\":\"layout\",\"children\":[{\"name\":\"Hero\",\"type\":\"section\",\"props\":{\"header_transparent_noplaceholder\":false,\"image\":\"wp-content\\\/uploads\\\/hero-regulament-la-iaz.jpg\",\"image_height\":\"800\",\"image_position\":\"center-center\",\"image_size\":\"cover\",\"image_width\":\"2560\",\"overlap\":true,\"padding\":\"xlarge\",\"padding_remove_top\":false,\"style\":\"default\",\"title_breakpoint\":\"xl\",\"title_position\":\"top-left\",\"title_rotation\":\"left\",\"vertical_align\":\"\",\"width\":\"\"},\"children\":[{\"type\":\"row\",\"children\":[{\"type\":\"column\",\"props\":{\"image_position\":\"center-center\",\"position_sticky_breakpoint\":\"m\",\"width_medium\":\"1-1\"},\"children\":[{\"type\":\"html\",\"props\":{\"content\":\"\n\n<div class=\\\"uk-visible@s\\\" style=\\\"height: 100px\\\"><\\\/div>\"}}]}],\"props\":{\"margin\":\"xlarge\",\"match\":false,\"row_gap\":\"large\"}}]},{\"name\":\"Politic\\u0103 rezerv\\u0103ri\",\"type\":\"section\",\"props\":{\"id\":\"regulament\",\"image_position\":\"center-center\",\"style\":\"default\",\"title_breakpoint\":\"xl\",\"title_position\":\"top-left\",\"title_rotation\":\"left\",\"vertical_align\":\"\",\"width\":\"small\"},\"children\":[{\"type\":\"row\",\"children\":[{\"type\":\"column\",\"props\":{\"image_position\":\"center-center\",\"position_sticky_breakpoint\":\"m\",\"width_medium\":\"1-1\"},\"children\":[{\"type\":\"headline\",\"props\":{\"content\":\"Sezon 2025\",\"margin\":\"small\",\"margin_remove_bottom\":false,\"margin_remove_top\":false,\"title_color\":\"muted\",\"title_element\":\"h6\",\"title_style\":\"h6\"}},{\"type\":\"headline\",\"props\":{\"content\":\"REGULAMENT <br class=\\\"hideprint\\\"\\\/>PISCIN\\u0102\",\"css\":\"@media print {\\n    .hideprint { display: none; }\\n}\",\"margin_remove_bottom\":false,\"margin_remove_top\":true,\"title_element\":\"h1\",\"title_style\":\"heading-medium\"}}]}]},{\"type\":\"row\",\"props\":{\"margin\":\"large\"},\"children\":[{\"type\":\"column\",\"props\":{\"image_position\":\"center-center\",\"position_sticky_breakpoint\":\"m\",\"width_medium\":\"1-1\"},\"children\":[{\"type\":\"list\",\"props\":{\"block_align\":\"right\",\"column_breakpoint\":\"m\",\"image_align\":\"left\",\"image_svg_color\":\"emphasis\",\"image_vertical_align\":true,\"list_element\":\"ul\",\"list_horizontal_separator\":\", \",\"list_size\":\"large\",\"list_type\":\"vertical\",\"margin\":\"medium\",\"show_image\":true,\"show_link\":true},\"children\":[{\"type\":\"list_item\",\"props\":{\"content\":\"\n\n<p><strong>D<\\\/strong><strong>ragi oaspe\\u021bi \\u0219i\\u00a0<\\\/strong><strong>vizitatori<\\\/strong><strong>, <\\\/strong><\\\/p>\\n\n\n<p>Pentru a v\\u0103 asigura bun\\u0103starea pe toat\\u0103 perioada \\u0219ederii \\u00een <strong>satul de vacan\\u021b\\u0103 Zaga Zaga<\\\/strong>, v\\u0103 rug\\u0103m s\\u0103 lua\\u0163i act de politica de func\\u0163ionare a acestei loca\\u0163ii, implicit s\\u0103 respecta\\u0163i regulile interne.<\\\/p>\\n\n\n<ul>\\n\n\n<li>Accesul \\u015fi ie\\u015firea din zona \\u201eLa Iaz\\u201d se fac doar prin punctele special amenajate \\u015fi doar pe baz\\u0103 de br\\u0103\\u0163ar\\u0103.<\\\/li>\\n\n\n<li>Alimentele \\u015fi b\\u0103uturile comandate \\u00een perioada \\u015federii \\u201eLa Iaz\\u201d vor fi \\u00eenregistrate pe br\\u0103\\u0163ar\\u0103 \\u0219i vor fi achitate la ie\\u015fire. \\u00cen cazul \\u00een care serviciile comandate ating limita maxim\\u0103 setat\\u0103 pe acest dispozitiv, pute\\u0163i achita valoarea serviciilor comandate, iar ulterior dispozitivul poate fi resetat pentru a \\u00eenregistra alte servicii.<\\\/li>\\n\n\n<li>Pierderea bra\\u0163\\u0103rii implica un cost de 50 lei\\\/br\\u0103\\u0163ar\\u0103 (cost dispozitiv) \\u015fi plata consuma\\u0163iei \\u00eenregistrat\\u0103 pe aceasta. \\u00cen lipsa unor dovezi clare referitoare la suma \\u00eenregistrat\\u0103 pe br\\u0103\\u0163ar\\u0103 prin serviciile comandate, clientul va achita valoarea maxim\\u0103 setat\\u0103 pe acest dispozitiv.<\\\/li>\\n<\\\/ul>\\n\n\n<p><strong>Zaga Zaga Sat este proprietate privat\\u0103 \\u0219i \\u00ee\\u015fi rezerv\\u0103 dreptul de a restric\\u021biona accesul temporar sau definitiv oric\\u0103rei persoane a c\\u0103rei atitudine sau maniere sunt considerate o \\u00eenc\\u0103lcare a moralei sau care deranjeaz\\u0103 ceilal\\u021bi membri sau care nu se supun prezentului regulament.<\\\/strong><\\\/p>\\n\n\n<h5>RESTRIC\\u021aII \\\/ INTERDIC\\u021aII<\\\/h5>\\n\n\n<ul>\\n\n\n<li>Accesul cu alimente\\\/b\\u0103uturi din afara loca\\u0163iei.<\\\/li>\\n\n\n<li>Consumul b\\u0103uturilor alcoolice \\u0219i al alimentelor de orice fel \\u00een bazin sau \\u00een jurul bazinului.<\\\/li>\\n\n\n<li>Accesul persoanelor aflate sub influen\\u021ba alcoolului sau a drogurilor, cu aspect resping\\u0103tor sau \\u00een haine murdare.<\\\/li>\\n\n\n<li>Accesul personelor cu pl\\u0103gi deschise, dermite, dermatoze sau boli transmisibile \\u2013 unitatea \\u00ee\\u015fi rezerv\\u0103 dreptul de a refuza accesul persoanelor care prezint\\u0103 afec\\u021biuni ale pielii, \\u00een piscin\\u0103.<\\\/li>\\n\n\n<li>Accesul cu animale de companie.<\\\/li>\\n\n\n<li>Alerg\\u0103rile sau jocurile imprudente pe marginea bazinului. Nu ne asum\\u0103m r\\u0103spunderea asupra unor eventuale accidente sau probleme de s\\u0103n\\u0103tate cauzate din aceste motive.<\\\/li>\\n\n\n<li>Se interzice cu des\\u0103v\\u00e2r\\u0219ire s\\u0103 se urineze \\u00een apa piscinei! Reactivii din ap\\u0103 vor indica persoana care face acest lucru \\u0219i acesteia i se va imputa schimbarea apei piscinei precum \\u0219i desp\\u0103gubirea celorlal\\u021bi clien\\u021bi prezen\\u021bi la piscin\\u0103.<\\\/li>\\n\n\n<li>Folosirea unui limbaj obscen, necuviincios, gesturi indecente, violente, c\\u00e2t \\u0219i un comportament care s\\u0103 afecteze confortul \\u0219i integritatea fizic\\u0103 a clien\\u021bilor \\u0219i a personalului Zaga Zaga Sat.<\\\/li>\\n\n\n<li>Este interzis\\u0103 filmarea fotografierea f\\u0103r\\u0103 o conven\\u021bie special\\u0103 cu administra\\u021bia ZagaZaga Sat.<\\\/li>\\n\n\n<li>Copiii sub 7 ani au acces \\u00een piscin\\u0103 numai \\u00eenso\\u021bi\\u021bi \\u0219i supraveghea\\u021bi de p\\u0103rin\\u021bi! Este strict interzis accesul minorilor \\u00een bazine ne\\u00eenso\\u021bi\\u021bi sau nesupraveghea\\u021bi.<\\\/li>\\n<\\\/ul>\\n\n\n<h5>REGULI GENERALE \\u201eLa Iaz\\u201d<\\\/h5>\\n\n\n<ul>\\n\n\n<li>Afec\\u021biunile de s\\u0103n\\u0103tate ascunse, nedeclarate, exonereaz\\u0103 Zaga Zaga Sat de orice responsabilitate.<\\\/li>\\n\n\n<li>Accesul \\u00een piscin\\u0103 se va face dup\\u0103 efecturea unui du\\u0219 de presp\\u0103lare pentru \\u00eenl\\u0103turarea substan\\u021belor acide de pe corp (provenite din procesul natural de transpira\\u021bie).<\\\/li>\\n\n\n<li>Intrarea \\u00een piscin\\u0103 se face numai \\u00een costum de baie, nu este permis\\u0103 intrarea \\u00een ap\\u0103 \\u00een \\u021binut\\u0103 de strad\\u0103. Persoanele care nu respect\\u0103 aceast\\u0103 regul\\u0103 vor fi evacuate din piscin\\u0103.<\\\/li>\\n\n\n<li>Au acces \\u00een piscin\\u0103 doar persoanele care au pl\\u0103tit contravaloarea tarifului de intrare aferent acestui serviciu \\u2013 cei care \\u00een urma unei verific\\u0103ri efectuate de c\\u0103tre personalul autorizat nu pot justifica efectuarea acestei pl\\u0103\\u021bi (br\\u0103\\u021bar\\u0103, bon fiscal etc.) vor fi evacua\\u021bi din incinta complexului.<\\\/li>\\n\n\n<li>Pentru persoanele cu p\\u0103rul lung recomand\\u0103m folosirea c\\u0103\\u0219tilor.<\\\/li>\\n\n\n<li>\\u00cen incinta Zaga Zaga Sat este obligatorie p\\u0103strarea cur\\u0103\\u021beniei \\u0219i respectarea normelor igienico-sanitare.<\\\/li>\\n\n\n<li>V\\u0103 rug\\u0103m s\\u0103 respecta\\u021bi personalul \\u0219i s\\u0103 nu deteriora\\u021bi bunurile complexului: moblier, aparatur\\u0103, instala\\u021biile igienico-sanitare. Deteriorarea bunurilor complexului atrage de la sine imputarea acestora, persoanelor care au cauzat acest lucru.<\\\/li>\\n\n\n<li>Nu r\\u0103spundem de lucrurile personale\\\/obiectele de valoare l\\u0103sate \\u00een vestiar sau de cele uitate sau pierdute.<\\\/li>\\n<\\\/ul>\\n\n\n<p><strong>Persoanele care \\u00eencalc\\u0103 prezentul regulament, vor fi evacuate, iar \\u00een cazul repet\\u0103rii indisciplinei, nu vor mai avea acces \\u00een incinta satului de vacan\\u021b\\u0103 Zaga Zaga.<\\\/strong><\\\/p>\\n\n\n<p>Nerespectarea obliga\\u021biilor precizate mai sus conduce la aplicarea de avertismente \\u0219i sanc\\u021biuni, dup\\u0103 cum urmeaz\\u0103:<\\\/p>\\n\n\n<ul>\\n\n\n<li>La \\u00eenc\\u0103lcarea regulilor de igien\\u0103 prev\\u0103zute, clientul va fi avertizat verbal urm\\u00e2nd ca \\u00eenc\\u0103lcarea repetat\\u0103 a regulilor s\\u0103 conduc\\u0103 la anularea abonamentului \\u0219i interzicerea accesului \\u00een incinta complexului;<\\\/li>\\n\n\n<li>Sanc\\u021biunile de mai sus se aplic\\u0103 \\u0219i pentru nerespectarea ordinei \\u0219i cur\\u0103\\u021beniei \\u00een incint\\u0103;<\\\/li>\\n\n\n<li>La producerea de pagube sau exploatarea defectuoas\\u0103 a bunurilor din dotare, persoanele stabilite vinovate vor suporta integral paguba produs\\u0103;<\\\/li>\\n\n\n<li>Refuzul de a suporta pagubele produse prin utilizarea defectuos\\u0103, producerea de distrugere a dot\\u0103rilor, echipamentelor, spa\\u021biilor sau oric\\u0103ror alte bunuri puse la dispozi\\u021bie, atrage dup\\u0103 sine consecin\\u021bele prev\\u0103zute de reglement\\u0103rile \\u0219i legisla\\u021bia \\u00een vigoare.<\\\/li>\\n\n\n<li>Managerul nu \\u00ee\\u015fi asum\\u0103 responsabilitatea pentru nerespectarea prezentului regulament de c\\u0103tre client \\u0219i nu va acorda desp\\u0103gubiri morale sau financiare \\u00een cazul producerii de accidente, pagube morale sau materiale.<\\\/li>\\n\n\n<li>Orice litigiu sau ne\\u00een\\u021belegere va fi rezolvat\\u0103 pe cale amiabil\\u0103 \\u00eentre p\\u0103r\\u021bi, iar \\u00een cazul nerezolv\\u0103rii acestora, litigiile vor fi solu\\u021bionate \\u00een instant\\u0103.<\\\/li>\\n<\\\/ul>\\n\n\n<h5>CONTRAINDICA\\u021aII<\\\/h5>\\n\n\n<p><strong>Le este interzis persoanelor care prezint\\u0103 una sau mai multe boli din cele enumerate mai jos s\\u0103 intre \\u00een piscine publice, bazine de \\u00eenot, b\\u0103i comunale, du\\u0219uri comune:<\\\/strong><\\\/p>\\n\n\n<ul>\\n\n\n<li>Alergii cunoscute la clor \\u0219i compu\\u0219ii lui;<\\\/li>\\n\n\n<li>Boli alergice, altele dec\\u00e2t cele la clor;<\\\/li>\\n\n\n<li>Conjunctivita sau cheratita cronic\\u0103;<\\\/li>\\n\n\n<li>Boli cronice ale c\\u0103ilor respiratorii superioare;<\\\/li>\\n\n\n<li>Bronhopneumopatii cronice, inclusiv astm bron\\u0219ic;<\\\/li>\\n\n\n<li>Dermatoze sau alte boli ale pielii;<\\\/li>\\n\n\n<li>Anemie;<\\\/li>\\n\n\n<li>Epilepsie;<\\\/li>\\n\n\n<li>Afec\\u021biuni psihice;<\\\/li>\\n\n\n<li>Afec\\u021biuni neurologice;<\\\/li>\\n\n\n<li>Boli infecto-contagioase \\u00een evolu\\u021bie (inclusiv stare de purt\\u0103tor p\\u00e2n\\u0103 la sterilizare);<\\\/li>\\n\n\n<li>Tuberculoz\\u0103;<\\\/li>\\n\n\n<li>Infec\\u021bii cu e.coli, giardioza, shigella, salmonella, vibrio hepatita A;<\\\/li>\\n\n\n<li>Pl\\u0103gi deschise;<\\\/li>\\n\n\n<li>Totodat\\u0103 este interzis accesul \\u00een piscin\\u0103 persoanelor care au consumat b\\u0103uturi alcoolice \\u0219i\\\/sau substan\\u021be halucinogene.<\\\/li>\\n<\\\/ul>\\n\n\n<p><strong>V\\u0103 mul\\u021bumim pentru \\u00een\\u021belegere \\u0219i v\\u0103 a\\u0219tept\\u0103m cu drag!\\u00a0<\\\/strong><\\\/p>\"}}]}]}]}]},{\"type\":\"section\",\"props\":{\"image_position\":\"center-center\",\"padding_remove_top\":true,\"style\":\"default\",\"title_breakpoint\":\"xl\",\"title_position\":\"top-left\",\"title_rotation\":\"left\",\"vertical_align\":\"middle\",\"width\":\"default\"},\"children\":[{\"type\":\"row\",\"children\":[{\"type\":\"column\",\"props\":{\"image_position\":\"center-center\",\"position_sticky_breakpoint\":\"m\"},\"children\":[{\"type\":\"html\",\"props\":{\"class\":\"uk-text-center\",\"content\":\"[pdf_export]\"}}]}]}],\"name\":\"Export PDF Button\"}],\"version\":\"4.3.5\"} --><\/p>\n","protected":false},"excerpt":{"rendered":"<p>Sezon 2025 REGULAMENT PISCIN\u0102 Dragi oaspe\u021bi \u0219i\u00a0vizitatori, Pentru a v\u0103 asigura bun\u0103starea pe toat\u0103 perioada \u0219ederii \u00een satul de vacan\u021b\u0103 Zaga Zaga, v\u0103 rug\u0103m s\u0103 lua\u0163i act de politica de func\u0163ionare a acestei loca\u0163ii, implicit s\u0103 respecta\u0163i regulile interne. Accesul \u015fi ie\u015firea din zona \u201eLa Iaz\u201d se fac doar prin punctele special amenajate \u015fi doar [&hellip;]<\/p>\n","protected":false},"author":1,"featured_media":1803,"parent":0,"menu_order":0,"comment_status":"closed","ping_status":"closed","template":"","meta":{"footnotes":""},"class_list":["post-6667","page","type-page","status-publish","has-post-thumbnail","hentry"],"_links":{"self":[{"href":"https:\/\/zagazaga.ro\/en\/wp-json\/wp\/v2\/pages\/6667","targetHints":{"allow":["GET"]}}],"collection":[{"href":"https:\/\/zagazaga.ro\/en\/wp-json\/wp\/v2\/pages"}],"about":[{"href":"https:\/\/zagazaga.ro\/en\/wp-json\/wp\/v2\/types\/page"}],"author":[{"embeddable":true,"href":"https:\/\/zagazaga.ro\/en\/wp-json\/wp\/v2\/users\/1"}],"replies":[{"embeddable":true,"href":"https:\/\/zagazaga.ro\/en\/wp-json\/wp\/v2\/comments?post=6667"}],"version-history":[{"count":2,"href":"https:\/\/zagazaga.ro\/en\/wp-json\/wp\/v2\/pages\/6667\/revisions"}],"predecessor-version":[{"id":10545,"href":"https:\/\/zagazaga.ro\/en\/wp-json\/wp\/v2\/pages\/6667\/revisions\/10545"}],"wp:featuredmedia":[{"embeddable":true,"href":"https:\/\/zagazaga.ro\/en\/wp-json\/wp\/v2\/media\/1803"}],"wp:attachment":[{"href":"https:\/\/zagazaga.ro\/en\/wp-json\/wp\/v2\/media?parent=6667"}],"curies":[{"name":"wp","href":"https:\/\/api.w.org\/{rel}","templated":true}]}}