{"id":6648,"date":"2022-04-30T12:30:35","date_gmt":"2022-04-30T09:30:35","guid":{"rendered":"https:\/\/zagazaga.ro\/?page_id=6648"},"modified":"2026-02-19T13:47:37","modified_gmt":"2026-02-19T11:47:37","slug":"regulament-aventura-parc","status":"publish","type":"page","link":"https:\/\/zagazaga.ro\/en\/regulament-aventura-parc\/","title":{"rendered":"Regulament aventura parc"},"content":{"rendered":"<div>\n<div class=\"uk-visible@s\" style=\"height: 100px\"><\/div>\n<\/div>\n<h6>Sezon 2026<\/h6>\n<h1>REGULAMENT <br class=\"hideprint\">AVENTURA PARC<\/h1>\n<div>\n<div>\n<p><strong>D<\/strong><strong>ragi <\/strong><strong>aventurieri<\/strong><strong>, <\/strong><\/p>\n<p style=\"font-weight: 400;\"><span>Ne dorim s\u0103 petrece\u021bi momente frumoase\u00a0\u0219i s\u0103 fi\u021bi \u00een siguran\u021b\u0103 \u00een <strong>satul de vacan\u021b\u0103 Zaga Zaga<\/strong>,\u00a0<\/span>de aceea v\u0103 invit\u0103m s\u0103 citi\u021bi, s\u0103 \u00een\u021belege\u021bi \u0219i s\u0103 v\u0103 \u00eensu\u0219i\u021bi regulile de mai jos \u00eenainte de a parcurge traseele Aventura Parc:<\/p>\n<ol>\n<li>Parcurgerea traseelor, respectiv implicarea \u00een cadrul activit\u0103\u021bilor Aventura Parc la Zaga Zaga se face<span>\u00a0<\/span><strong>pe proprie r\u0103spundere<\/strong>, citind \u0219i \u00een\u021beleg\u00e2nd prezentul regulament.<\/li>\n<li>\u00cen cazul minorilor, consim\u021b\u0103m\u00e2ntul este exprimat de c\u0103tre p\u0103rin\u0163i sau de persoanele care \u00eei \u00eenso\u0163esc.<\/li>\n<li>Echipamentul trebuie utilizat<span>\u00a0<\/span><strong>doar<\/strong><span>\u00a0<\/span><strong>\u00een felul indicat de c\u0103tre instructor<\/strong>.<\/li>\n<li>Echipamentul se \u00eenchiriaz\u0103 pentru<span>\u00a0<\/span><strong>120 minute<\/strong><span>\u00a0<\/span>\u015fi<span>\u00a0<\/span><strong>nu este transmisibil<\/strong>, echiparea se face o singur\u0103 dat\u0103, excep\u021bie f\u0103c\u00e2nd situa\u021bia c\u00e2nd se merge la WC.<\/li>\n<li>Prezen\u0163a participan\u0163ilor la instructajul efectuat de c\u0103tre instructori privind utilizarea echipamentului de siguran\u0163\u0103 este<span>\u00a0<\/span><strong>obligatorie<\/strong>.<\/li>\n<li>Carabiniera de securitate ZAZA2 Coudou Pro (nedeta\u0219abil\u0103) este obligatoriu s\u0103 fie introdus\u0103 pe cablul de asigurare (linia vie\u021bii) la intrarea pe traseu, iar carabiniera Vertigo (deta\u0219abil\u0103) trebuie s\u0103 fie \u00een permanen\u021b\u0103 ata\u0219at\u0103 de cablul de asigurare (linia vie\u021bii).<\/li>\n<li>Este obligatorie<span>\u00a0<\/span><strong>respectarea graficului de pe bilet<\/strong><span>\u00a0<\/span>privind traseele pe care le pute\u021bi str\u0103bate \u00een func\u0163ie de \u00eenal\u021bime.<\/li>\n<li>Utilizarea<span>\u00a0<\/span><strong>c\u0103\u015ftii de protec\u0163ie<\/strong><span>\u00a0<\/span>este obligatorie \u00een incinta Aventura Parc din cadrul Zaga Zaga pe toat\u0103 durata \u0219ederii.<\/li>\n<li>Greutatea maxim admis\u0103 pentru participan\u021bii pe traseele de aventur\u0103 este de<span>\u00a0<\/span><strong>100 kg<\/strong>.<\/li>\n<li>V\u0103 rug\u0103m s\u0103 nu supra\u00eenc\u0103rca\u0163i jocurile. C\u00e2te o singur\u0103 persoan\u0103 pe joc, iar pe platforme maximum 3 persoane.<\/li>\n<li>Direc\u021biunea \u00ee\u0219i rezerv\u0103 dreptul de a exclude din incinta Aventura Parc \u2013 Zaga Zaga (f\u0103r\u0103 rambursarea banilor) orice persoan\u0103 care nu respect\u0103 regulile de securitate.<\/li>\n<li>Daca ave\u021bi nel\u0103muriri, v\u0103 rug\u0103m s\u0103 nu ezita\u021bi s\u0103 v\u0103 adresa\u021bi personalului Zaga Zaga \u2013<span>\u00a0<\/span><strong>Aventura Parc STAFF<\/strong>.<\/li>\n<li>Persoanele sub influen\u021ba alcoolului sau a drogurilor nu sunt admise \u00een incinta Zaga Zaga \u2013 Aventura Parc.<\/li>\n<li>Distrugerea echipamentului pus la dispozi\u0163ie din cauza nerespect\u0103rii instruc\u0163iunilor de folosire va atrage dup\u0103 sine plata acestuia de c\u0103tre persoana vinovat\u0103.<\/li>\n<li>Accesul \u00een incinta Aventura Parc de la Zaga Zaga reprezint\u0103 aderarea \u0219i totodat\u0103 supunerea la<span>\u00a0<\/span><strong>prezentul regulament<\/strong><span>\u00a0<\/span>Zaga Zaga \u2013 Aventura Parc.<\/li>\n<\/ol>\n<p><strong>V\u0103 mul\u021bumim pentru \u00een\u021belegere \u0219i v\u0103 a\u0219tept\u0103m cu drag!<\/strong><\/p>\n<\/div>\n<\/div>\n<div>\n    <form method=\"POST\" action=\"https:\/\/pdf.zagazaga.ro\/generate\" target=\"_blank\" style=\"display:inline;\">\n        <input type=\"hidden\" name=\"page_url\" value=\"https:\/\/zagazaga.ro\/en\/wp-json\/wp\/v2\/pages\/6648\">\n        <input type=\"hidden\" name=\"page_title\" value=\"Regulament aventura parc\">\n        <button type=\"submit\" class=\"uk-button uk-button-danger uk-button-large uk-flex-inline uk-flex-center uk-flex-middle\">Export PDF<span class=\"uk-margin-small-left uk-icon\" uk-icon=\"file-pdf\"><\/span><\/button>\n    <\/form>\n    <\/div>\n<p><!--more--><br \/>\n<!-- {\"name\":\"Terms of Service\",\"type\":\"layout\",\"children\":[{\"name\":\"Hero\",\"type\":\"section\",\"props\":{\"header_transparent_noplaceholder\":false,\"image\":\"wp-content\\\/uploads\\\/hero-regulament-aventura-parc.jpg\",\"image_height\":\"800\",\"image_position\":\"center-center\",\"image_size\":\"cover\",\"image_width\":\"2560\",\"overlap\":true,\"padding\":\"xlarge\",\"padding_remove_top\":false,\"style\":\"default\",\"title_breakpoint\":\"xl\",\"title_position\":\"top-left\",\"title_rotation\":\"left\",\"vertical_align\":\"\",\"width\":\"\"},\"children\":[{\"type\":\"row\",\"children\":[{\"type\":\"column\",\"props\":{\"image_position\":\"center-center\",\"position_sticky_breakpoint\":\"m\",\"width_medium\":\"1-1\"},\"children\":[{\"type\":\"html\",\"props\":{\"content\":\"\n\n<div class=\\\"uk-visible@s\\\" style=\\\"height: 100px\\\"><\\\/div>\"}}]}],\"props\":{\"margin\":\"xlarge\",\"match\":false,\"row_gap\":\"large\"}}]},{\"name\":\"Politic\\u0103 rezerv\\u0103ri\",\"type\":\"section\",\"props\":{\"id\":\"regulament\",\"image_position\":\"center-center\",\"style\":\"default\",\"title_breakpoint\":\"xl\",\"title_position\":\"top-left\",\"title_rotation\":\"left\",\"vertical_align\":\"\",\"width\":\"small\"},\"children\":[{\"type\":\"row\",\"children\":[{\"type\":\"column\",\"props\":{\"image_position\":\"center-center\",\"position_sticky_breakpoint\":\"m\",\"width_medium\":\"1-1\"},\"children\":[{\"type\":\"headline\",\"props\":{\"content\":\"Sezon 2026\",\"margin\":\"small\",\"margin_remove_bottom\":false,\"margin_remove_top\":false,\"title_color\":\"muted\",\"title_element\":\"h6\",\"title_style\":\"h6\"}},{\"type\":\"headline\",\"props\":{\"content\":\"REGULAMENT <br class=\\\"hideprint\\\">AVENTURA PARC\",\"css\":\"@media print {\\n    .hideprint { display: none; }\\n}\",\"margin_remove_bottom\":false,\"margin_remove_top\":true,\"title_element\":\"h1\",\"title_style\":\"heading-medium\"}}]}]},{\"type\":\"row\",\"props\":{\"margin\":\"large\"},\"children\":[{\"type\":\"column\",\"props\":{\"image_position\":\"center-center\",\"position_sticky_breakpoint\":\"m\",\"width_medium\":\"1-1\"},\"children\":[{\"type\":\"list\",\"props\":{\"block_align\":\"right\",\"column_breakpoint\":\"m\",\"image_align\":\"left\",\"image_svg_color\":\"emphasis\",\"image_vertical_align\":true,\"list_element\":\"ul\",\"list_horizontal_separator\":\", \",\"list_size\":\"large\",\"list_type\":\"vertical\",\"margin\":\"medium\",\"show_image\":true,\"show_link\":true},\"children\":[{\"type\":\"list_item\",\"props\":{\"content\":\"\n\n<p><strong>D<\\\/strong><strong>ragi <\\\/strong><strong>aventurieri<\\\/strong><strong>, <\\\/strong><\\\/p>\\n\n\n<p style=\\\"font-weight: 400;\\\"><span>Ne dorim s\\u0103 petrece\\u021bi momente frumoase\\u00a0\\u0219i s\\u0103 fi\\u021bi \\u00een siguran\\u021b\\u0103 \\u00een <strong>satul de vacan\\u021b\\u0103 Zaga Zaga<\\\/strong>,\\u00a0<\\\/span>de aceea v\\u0103 invit\\u0103m s\\u0103 citi\\u021bi, s\\u0103 \\u00een\\u021belege\\u021bi \\u0219i s\\u0103 v\\u0103 \\u00eensu\\u0219i\\u021bi regulile de mai jos \\u00eenainte de a parcurge traseele Aventura Parc:<\\\/p>\\n\n\n<ol>\\n\n\n<li>Parcurgerea traseelor, respectiv implicarea \\u00een cadrul activit\\u0103\\u021bilor Aventura Parc la Zaga Zaga se face<span>\\u00a0<\\\/span><strong>pe proprie r\\u0103spundere<\\\/strong>, citind \\u0219i \\u00een\\u021beleg\\u00e2nd prezentul regulament.<\\\/li>\\n\n\n<li>\\u00cen cazul minorilor, consim\\u021b\\u0103m\\u00e2ntul este exprimat de c\\u0103tre p\\u0103rin\\u0163i sau de persoanele care \\u00eei \\u00eenso\\u0163esc.<\\\/li>\\n\n\n<li>Echipamentul trebuie utilizat<span>\\u00a0<\\\/span><strong>doar<\\\/strong><span>\\u00a0<\\\/span><strong>\\u00een felul indicat de c\\u0103tre instructor<\\\/strong>.<\\\/li>\\n\n\n<li>Echipamentul se \\u00eenchiriaz\\u0103 pentru<span>\\u00a0<\\\/span><strong>120 minute<\\\/strong><span>\\u00a0<\\\/span>\\u015fi<span>\\u00a0<\\\/span><strong>nu este transmisibil<\\\/strong>, echiparea se face o singur\\u0103 dat\\u0103, excep\\u021bie f\\u0103c\\u00e2nd situa\\u021bia c\\u00e2nd se merge la WC.<\\\/li>\\n\n\n<li>Prezen\\u0163a participan\\u0163ilor la instructajul efectuat de c\\u0103tre instructori privind utilizarea echipamentului de siguran\\u0163\\u0103 este<span>\\u00a0<\\\/span><strong>obligatorie<\\\/strong>.<\\\/li>\\n\n\n<li>Carabiniera de securitate ZAZA2 Coudou Pro (nedeta\\u0219abil\\u0103) este obligatoriu s\\u0103 fie introdus\\u0103 pe cablul de asigurare (linia vie\\u021bii) la intrarea pe traseu, iar carabiniera Vertigo (deta\\u0219abil\\u0103) trebuie s\\u0103 fie \\u00een permanen\\u021b\\u0103 ata\\u0219at\\u0103 de cablul de asigurare (linia vie\\u021bii).<\\\/li>\\n\n\n<li>Este obligatorie<span>\\u00a0<\\\/span><strong>respectarea graficului de pe bilet<\\\/strong><span>\\u00a0<\\\/span>privind traseele pe care le pute\\u021bi str\\u0103bate \\u00een func\\u0163ie de \\u00eenal\\u021bime.<\\\/li>\\n\n\n<li>Utilizarea<span>\\u00a0<\\\/span><strong>c\\u0103\\u015ftii de protec\\u0163ie<\\\/strong><span>\\u00a0<\\\/span>este obligatorie \\u00een incinta Aventura Parc din cadrul Zaga Zaga pe toat\\u0103 durata \\u0219ederii.<\\\/li>\\n\n\n<li>Greutatea maxim admis\\u0103 pentru participan\\u021bii pe traseele de aventur\\u0103 este de<span>\\u00a0<\\\/span><strong>100 kg<\\\/strong>.<\\\/li>\\n\n\n<li>V\\u0103 rug\\u0103m s\\u0103 nu supra\\u00eenc\\u0103rca\\u0163i jocurile. C\\u00e2te o singur\\u0103 persoan\\u0103 pe joc, iar pe platforme maximum 3 persoane.<\\\/li>\\n\n\n<li>Direc\\u021biunea \\u00ee\\u0219i rezerv\\u0103 dreptul de a exclude din incinta Aventura Parc \\u2013 Zaga Zaga (f\\u0103r\\u0103 rambursarea banilor) orice persoan\\u0103 care nu respect\\u0103 regulile de securitate.<\\\/li>\\n\n\n<li>Daca ave\\u021bi nel\\u0103muriri, v\\u0103 rug\\u0103m s\\u0103 nu ezita\\u021bi s\\u0103 v\\u0103 adresa\\u021bi personalului Zaga Zaga \\u2013<span>\\u00a0<\\\/span><strong>Aventura Parc STAFF<\\\/strong>.<\\\/li>\\n\n\n<li>Persoanele sub influen\\u021ba alcoolului sau a drogurilor nu sunt admise \\u00een incinta Zaga Zaga \\u2013 Aventura Parc.<\\\/li>\\n\n\n<li>Distrugerea echipamentului pus la dispozi\\u0163ie din cauza nerespect\\u0103rii instruc\\u0163iunilor de folosire va atrage dup\\u0103 sine plata acestuia de c\\u0103tre persoana vinovat\\u0103.<\\\/li>\\n\n\n<li>Accesul \\u00een incinta Aventura Parc de la Zaga Zaga reprezint\\u0103 aderarea \\u0219i totodat\\u0103 supunerea la<span>\\u00a0<\\\/span><strong>prezentul regulament<\\\/strong><span>\\u00a0<\\\/span>Zaga Zaga \\u2013 Aventura Parc.<\\\/li>\\n<\\\/ol>\\n\n\n<p><strong>V\\u0103 mul\\u021bumim pentru \\u00een\\u021belegere \\u0219i v\\u0103 a\\u0219tept\\u0103m cu drag!<\\\/strong><\\\/p>\"}}]}]}]}]},{\"type\":\"section\",\"props\":{\"image_position\":\"center-center\",\"padding_remove_top\":true,\"style\":\"default\",\"title_breakpoint\":\"xl\",\"title_position\":\"top-left\",\"title_rotation\":\"left\",\"vertical_align\":\"middle\",\"width\":\"default\"},\"children\":[{\"type\":\"row\",\"children\":[{\"type\":\"column\",\"props\":{\"image_position\":\"center-center\",\"position_sticky_breakpoint\":\"m\"},\"children\":[{\"type\":\"html\",\"props\":{\"class\":\"uk-text-center\",\"content\":\"[pdf_export]\"}}]}]}],\"name\":\"Export PDF Button\"}],\"version\":\"4.3.5\"} --><\/p>\n","protected":false},"excerpt":{"rendered":"<p>Sezon 2026 REGULAMENT AVENTURA PARC Dragi aventurieri, Ne dorim s\u0103 petrece\u021bi momente frumoase\u00a0\u0219i s\u0103 fi\u021bi \u00een siguran\u021b\u0103 \u00een satul de vacan\u021b\u0103 Zaga Zaga,\u00a0de aceea v\u0103 invit\u0103m s\u0103 citi\u021bi, s\u0103 \u00een\u021belege\u021bi \u0219i s\u0103 v\u0103 \u00eensu\u0219i\u021bi regulile de mai jos \u00eenainte de a parcurge traseele Aventura Parc: Parcurgerea traseelor, respectiv implicarea \u00een cadrul activit\u0103\u021bilor Aventura Parc la [&hellip;]<\/p>\n","protected":false},"author":1,"featured_media":1803,"parent":0,"menu_order":0,"comment_status":"closed","ping_status":"closed","template":"","meta":{"footnotes":""},"class_list":["post-6648","page","type-page","status-publish","has-post-thumbnail","hentry"],"_links":{"self":[{"href":"https:\/\/zagazaga.ro\/en\/wp-json\/wp\/v2\/pages\/6648","targetHints":{"allow":["GET"]}}],"collection":[{"href":"https:\/\/zagazaga.ro\/en\/wp-json\/wp\/v2\/pages"}],"about":[{"href":"https:\/\/zagazaga.ro\/en\/wp-json\/wp\/v2\/types\/page"}],"author":[{"embeddable":true,"href":"https:\/\/zagazaga.ro\/en\/wp-json\/wp\/v2\/users\/1"}],"replies":[{"embeddable":true,"href":"https:\/\/zagazaga.ro\/en\/wp-json\/wp\/v2\/comments?post=6648"}],"version-history":[{"count":5,"href":"https:\/\/zagazaga.ro\/en\/wp-json\/wp\/v2\/pages\/6648\/revisions"}],"predecessor-version":[{"id":11538,"href":"https:\/\/zagazaga.ro\/en\/wp-json\/wp\/v2\/pages\/6648\/revisions\/11538"}],"wp:featuredmedia":[{"embeddable":true,"href":"https:\/\/zagazaga.ro\/en\/wp-json\/wp\/v2\/media\/1803"}],"wp:attachment":[{"href":"https:\/\/zagazaga.ro\/en\/wp-json\/wp\/v2\/media?parent=6648"}],"curies":[{"name":"wp","href":"https:\/\/api.w.org\/{rel}","templated":true}]}}