{"id":5927,"date":"2021-06-10T01:26:57","date_gmt":"2021-06-09T22:26:57","guid":{"rendered":"https:\/\/zagazaga.ro\/?page_id=5927"},"modified":"2025-05-20T23:12:54","modified_gmt":"2025-05-20T20:12:54","slug":"termeni-si-conditii-bilete","status":"publish","type":"page","link":"https:\/\/zagazaga.ro\/en\/termeni-si-conditii-bilete\/","title":{"rendered":"Termeni \u0219i condi\u021bii bilete"},"content":{"rendered":"<h2>OPEN-AIR events<\/h2>\n<p><img decoding=\"async\" src=\"\/wp-content\/uploads\/divider.svg\" alt=\"\"><\/p>\n<div>by Zaga Zaga<\/div>\n<h1>Regulament <br \/>evenimente \u00een aer liber<\/h1>\n<h2><strong>Termeni \u0219i condi\u021bii<\/strong><\/h2>\n<div>\n<ol>\n<li>Achizi\u021bionarea \u0219i folosirea acestui website constituie acceptul de a respecta concomitent regulamentul oficial al evenimentului \u0219i al satului de vacan\u021b\u0103 Zaga Zaga, precum \u0219i termenii \u0219i condi\u021biile de utilizare a biletului.<\/li>\n<li>Fiecare comand\u0103 este considerat\u0103 finalizat\u0103 \u00een momentul pl\u0103\u021bii online \u0219i nu poate fi anulat\u0103 sau modificat\u0103. V\u0103 rug\u0103m s\u0103 v\u0103 asigura\u021bi c\u0103 folosi\u021bi o adres\u0103 de email valid\u0103 \u0219i corect\u0103 deoarece biletele vor fi trimise automat pe email dup\u0103 confirmarea pl\u0103\u021bii.\u00a0<\/li>\n<li>\u00cen cazul evenimentelor cu intrare liber\u0103 (acces gratuit), comanda este considerat\u0103 finalizat\u0103 dup\u0103 parcurgerea \u00eentregului proces de rezervare online, folosind o adres\u0103 de email valid\u0103 \u0219i corect\u0103.<\/li>\n<li>Dac\u0103 nu se specific\u0103 altfel, biletul asigur\u0103 accesul unei singure persoane la eveniment \u00een zona \u0219i categoria de pre\u021b men\u021bionate pe bilet.<\/li>\n<li>Codul QR de pe bilet este unic \u0219i valid doar pentru o prim\u0103 scanare. Orice scanare ulterioar\u0103, orice copie sau reintrare va fi considerat\u0103 invalid\u0103, iar intrarea nu va fi posibil\u0103.<\/li>\n<li>Biletul poate fi printat sau poate fi prezentat la intrare direct de pe ecranul smartphone-ului, (variant\u0103 pe care o recomand\u0103m). \u00cen acest caz, pentru siguran\u021b\u0103, v\u0103 recomand\u0103m s\u0103 salva\u021bi \u00een prealabil biletul \u00een telefon.<\/li>\n<li>P\u0103stra\u021bi biletul \u00eentr-un loc sigur \u0219i nu-l deteriora\u021bi. Asigura\u021bi-v\u0103 \u00eempotriva oric\u0103rei utiliz\u0103ri neautorizate (copiere, transmiterea biletului sau a informa\u021biilor despre bilet unei ter\u021be p\u0103r\u021bi).<\/li>\n<li>\u00cen cazul \u00een care opta\u021bi pentru varianta printat\u0103 a biletului, asigura\u021bi-v\u0103 c\u0103 \u00eemp\u0103turi\u021bi biletul astfel \u00eenc\u00e2t codul QR s\u0103 nu fie afectat\/deteriorat.<\/li>\n<li>\u00cen cazul pierderii sau deterior\u0103rii biletului, acesta nu poate fi \u00eenlocuit.<\/li>\n<li>Este interzis accesul cu lichide sau cu obiecte contondente sau t\u0103ioase.<\/li>\n<li>Pe parcursul evenimentului, se vor face fotografii \u0219i\/sau se va filma. Prin participarea la concert, sunte\u021bi informat de acest lucru \u0219i v\u0103 da\u021bi acordul ca aceste imaginile rezultate s\u0103 fie publicate online sau utilizate pentru realizarea unor materiale de promovare.<\/li>\n<li>\u00cen calitate de participant, sunte\u021bi informat \u0219i accepta\u021bi s\u0103 respecta\u021bi normele \u0219i reglement\u0103rile impuse de Hot\u0103r\u00e2rea nr. 41\/24.06.2021 privind propunerea adopt\u0103rii unor m\u0103suri de relaxare \u00een contextul evolu\u021biei pandemiei de COVID-19.<span><\/span><\/li>\n<\/ol>\n<\/div>\n<h2><strong>Politica de anulare<\/strong><\/h2>\n<div>\n<ol>\n<li>O comand\u0103 finalizat\u0103 nu poate fi anulat\u0103 sau modificat\u0103.<\/li>\n<li>Biletele achizi\u021bionate nu pot fi returnate sau schimbate.<\/li>\n<li>\u00cen cazul reprogram\u0103rii unui eveniment, biletele achizi\u021bionate r\u0103m\u00e2n valabile. \u00cen cazul \u00een care nu ve\u021bi putea participa \u00een data nou\u0103 stabilit\u0103, pute\u021bi opta s\u0103 beneficia\u021bi de un voucher reprezent\u00e2nd contravaloarea sumei pl\u0103tite, pe care \u00eel pute\u021bi folosi pentru achizi\u021bionarea de bilete la alte evenimente organizate de Zaga Zaga. Sau s\u0103 vi se vireze banii pl\u0103ti\u021bi \u00een contul dumneavoastr\u0103.<\/li>\n<li>Dac\u0103 un eveniment va fi anulat din motive ce \u021bin exclusiv de organizator \u0219i\/sau arti\u0219ti, v\u0103 vom contacta pe adresa de email furnizat\u0103 \u00een momentul achizi\u021bion\u0103rii biletelor \u0219i v\u0103 vom furniza informa\u021biile necesare recuper\u0103rii sumei pl\u0103tite fie ca voucher valoric, fie ca sum\u0103 de bani \u00een contul dumneavoastr\u0103.<\/li>\n<li>\u00cen caz de for\u021b\u0103 major\u0103 sau de instaurare a st\u0103rii de urgen\u021b\u0103, vom comunica \u0219i vom ac\u021biona \u00een func\u021bie de normele \u0219i reglement\u0103rile legale \u00een vigoare.<\/li>\n<li>Not\u0103 de informare privind protec\u021bia datelor personale<br \/>Conform cerin\u021belor Legii nr. 677\/2001 pentru protec\u021bia persoanelor cu privire la prelucrarea datelor cu caracter personal \u0219i libera circula\u021bie a acestor date, modificat\u0103 \u0219i completat\u0103, \u0219i ale Legii nr. 506\/2004 privind prelucrarea datelor cu caracter personal \u0219i protec\u021bia vie\u021bii private \u00een sectorul comunica\u021biilor electronice, administratorul site-ului va administra \u00een condi\u021bii de siguran\u021b\u0103 \u0219i numai pentru scopurile specificate, datele personale furnizate de utilizatori.<\/li>\n<li>V\u0103 informam c\u0103 datele personale pe care le furniza\u021bi \u00een momentul achizi\u021bion\u0103rii de bilete online (nume, prenume, adres\u0103 de email \u0219i, op\u021bional, num\u0103rul de telefon) sunt prelucrate strict \u00een scopul oferirii \u00een condi\u021bii optime a servicilor. Utilizatorii \u00eenteleg \u0219i accept\u0103 ca datele personale pe care le furnizeaz\u0103 sunt prelucrate \u00een scopul oferirii \u00een condi\u021bii optime a serviciilor achizi\u021bionate \u0219i a comunic\u0103rii electronice cu privire la serviciile achizi\u021bionate.<\/li>\n<li>Fiecare utilizator, la op\u021biunea sa proprie, furnizeaz\u0103 unele dintre datele sale personale pentru a beneficia de serviciul oferit. Refuzul furnizarii anumitor date poate conduce la imposibilitatea acces\u0103rii anumitor servicii prin intermediul site-ului.<\/li>\n<\/ol>\n<\/div>\n<div>\n<p><strong>V\u0103 mul\u021bumim pentru \u00een\u021belegere \u0219i v\u0103 a\u0219tept\u0103m cu drag!<\/strong><br \/>Contact: <strong><a href=\"mailto:bilete@zagazaga.ro\" target=\"_blank\" rel=\"noopener\">bilete@zagazaga.ro<\/a><\/strong><\/p>\n<\/div>\n<div>\n    <form method=\"POST\" action=\"https:\/\/pdf.zagazaga.ro\/generate\" target=\"_blank\" style=\"display:inline;\">\n        <input type=\"hidden\" name=\"page_url\" value=\"https:\/\/zagazaga.ro\/en\/wp-json\/wp\/v2\/pages\/5927\">\n        <input type=\"hidden\" name=\"page_title\" value=\"Termeni \u0219i condi\u021bii bilete\">\n        <button type=\"submit\" class=\"uk-button uk-button-danger uk-button-large uk-flex-inline uk-flex-center uk-flex-middle\">Export PDF<span class=\"uk-margin-small-left uk-icon\" uk-icon=\"file-pdf\"><\/span><\/button>\n    <\/form>\n    <\/div>\n<p><!--more--><br \/>\n<!-- {\"type\":\"layout\",\"children\":[{\"name\":\"Sectiune - Header - Imagine\",\"type\":\"section\",\"props\":{\"class\":\"demo\",\"header_transparent_noplaceholder\":true,\"height\":\"viewport\",\"height_offset_top\":true,\"height_viewport\":80,\"image\":\"wp-content\\\/uploads\\\/concerte-succes-hero.jpg\",\"image_height\":\"1600\",\"image_parallax_bgx\":\"0,-60\",\"image_position\":\"center-right\",\"image_size\":\"cover\",\"image_width\":\"2560\",\"media_overlay\":\"rgba(54, 48, 44, 0.5)\",\"overlap\":true,\"style\":\"default\",\"title_breakpoint\":\"xl\",\"title_position\":\"top-left\",\"title_rotation\":\"left\",\"vertical_align\":\"middle\",\"width\":\"default\"},\"children\":[{\"type\":\"row\",\"children\":[{\"type\":\"column\",\"props\":{\"image_effect\":\"parallax\",\"image_parallax_bgy\":\"-10,-90\",\"image_parallax_easing\":\"1\",\"image_position\":\"center-center\",\"position_sticky_breakpoint\":\"m\",\"text_color\":\"light\",\"width_medium\":\"1-1\"},\"children\":[{\"type\":\"headline\",\"props\":{\"animation\":\"parallax\",\"content\":\"OPEN-AIR events\",\"margin\":\"remove-vertical\",\"parallax_breakpoint\":\"m\",\"parallax_easing\":0.8,\"parallax_end\":\"5vh + 5%\",\"parallax_opacity\":\"1,0\",\"parallax_y\":\"0,60\",\"text_align\":\"center\",\"text_align_fallback\":\"center\",\"title_element\":\"h2\",\"title_style\":\"heading-medium\"}},{\"type\":\"image\",\"props\":{\"animation\":\"parallax\",\"image\":\"wp-content\\\/uploads\\\/divider.svg\",\"image_height\":\"4\",\"image_svg_color\":\"emphasis\",\"image_width\":\"220\",\"margin\":\"small\",\"parallax_breakpoint\":\"m\",\"parallax_easing\":\"1\",\"parallax_opacity\":\"1,0\",\"parallax_y\":\"0,60\",\"text_align\":\"center\"}},{\"type\":\"headline\",\"props\":{\"animation\":\"parallax\",\"content\":\"by Zaga Zaga\",\"margin\":\"remove-vertical\",\"maxwidth_breakpoint\":\"m\",\"parallax_breakpoint\":\"m\",\"parallax_easing\":0.7,\"parallax_end\":\"5vh + 5%\",\"parallax_opacity\":\"1,0\",\"parallax_y\":\"0,60\",\"text_align\":\"center\",\"text_align_fallback\":\"center\",\"title_element\":\"div\",\"title_style\":\"h3\"}}]}]}]},{\"type\":\"section\",\"props\":{\"id\":\"regulament\",\"image_position\":\"center-center\",\"padding_remove_bottom\":true,\"padding_remove_top\":false,\"style\":\"default\",\"title_breakpoint\":\"xl\",\"title_position\":\"top-left\",\"title_rotation\":\"left\",\"vertical_align\":\"middle\",\"width\":\"small\"},\"children\":[{\"type\":\"row\",\"children\":[{\"type\":\"column\",\"props\":{\"image_position\":\"center-center\",\"position_sticky_breakpoint\":\"m\"},\"children\":[{\"type\":\"headline\",\"props\":{\"content\":\"Regulament <br \/>evenimente \\u00een aer liber\",\"title_element\":\"h1\",\"title_style\":\"heading-medium\"}}]}]},{\"type\":\"row\",\"children\":[{\"type\":\"column\",\"props\":{\"image_position\":\"center-center\",\"position_sticky_breakpoint\":\"m\"},\"children\":[{\"type\":\"headline\",\"props\":{\"content\":\"<strong>Termeni \\u0219i condi\\u021bii<\\\/strong>\",\"margin\":\"medium\",\"title_element\":\"h2\",\"title_style\":\"h5\"}},{\"type\":\"text\",\"props\":{\"column_breakpoint\":\"m\",\"content\":\"\n\n<ol>\\n\n\n<li>Achizi\\u021bionarea \\u0219i folosirea acestui website constituie acceptul de a respecta concomitent regulamentul oficial al evenimentului \\u0219i al satului de vacan\\u021b\\u0103 Zaga Zaga, precum \\u0219i termenii \\u0219i condi\\u021biile de utilizare a biletului.<\\\/li>\\n\n\n<li>Fiecare comand\\u0103 este considerat\\u0103 finalizat\\u0103 \\u00een momentul pl\\u0103\\u021bii online \\u0219i nu poate fi anulat\\u0103 sau modificat\\u0103. V\\u0103 rug\\u0103m s\\u0103 v\\u0103 asigura\\u021bi c\\u0103 folosi\\u021bi o adres\\u0103 de email valid\\u0103 \\u0219i corect\\u0103 deoarece biletele vor fi trimise automat pe email dup\\u0103 confirmarea pl\\u0103\\u021bii.\\u00a0<\\\/li>\\n\n\n<li>\\u00cen cazul evenimentelor cu intrare liber\\u0103 (acces gratuit), comanda este considerat\\u0103 finalizat\\u0103 dup\\u0103 parcurgerea \\u00eentregului proces de rezervare online, folosind o adres\\u0103 de email valid\\u0103 \\u0219i corect\\u0103.<\\\/li>\\n\n\n<li>Dac\\u0103 nu se specific\\u0103 altfel, biletul asigur\\u0103 accesul unei singure persoane la eveniment \\u00een zona \\u0219i categoria de pre\\u021b men\\u021bionate pe bilet.<\\\/li>\\n\n\n<li>Codul QR de pe bilet este unic \\u0219i valid doar pentru o prim\\u0103 scanare. Orice scanare ulterioar\\u0103, orice copie sau reintrare va fi considerat\\u0103 invalid\\u0103, iar intrarea nu va fi posibil\\u0103.<\\\/li>\\n\n\n<li>Biletul poate fi printat sau poate fi prezentat la intrare direct de pe ecranul smartphone-ului, (variant\\u0103 pe care o recomand\\u0103m). \\u00cen acest caz, pentru siguran\\u021b\\u0103, v\\u0103 recomand\\u0103m s\\u0103 salva\\u021bi \\u00een prealabil biletul \\u00een telefon.<\\\/li>\\n\n\n<li>P\\u0103stra\\u021bi biletul \\u00eentr-un loc sigur \\u0219i nu-l deteriora\\u021bi. Asigura\\u021bi-v\\u0103 \\u00eempotriva oric\\u0103rei utiliz\\u0103ri neautorizate (copiere, transmiterea biletului sau a informa\\u021biilor despre bilet unei ter\\u021be p\\u0103r\\u021bi).<\\\/li>\\n\n\n<li>\\u00cen cazul \\u00een care opta\\u021bi pentru varianta printat\\u0103 a biletului, asigura\\u021bi-v\\u0103 c\\u0103 \\u00eemp\\u0103turi\\u021bi biletul astfel \\u00eenc\\u00e2t codul QR s\\u0103 nu fie afectat\\\/deteriorat.<\\\/li>\\n\n\n<li>\\u00cen cazul pierderii sau deterior\\u0103rii biletului, acesta nu poate fi \\u00eenlocuit.<\\\/li>\\n\n\n<li>Este interzis accesul cu lichide sau cu obiecte contondente sau t\\u0103ioase.<\\\/li>\\n\n\n<li>Pe parcursul evenimentului, se vor face fotografii \\u0219i\\\/sau se va filma. Prin participarea la concert, sunte\\u021bi informat de acest lucru \\u0219i v\\u0103 da\\u021bi acordul ca aceste imaginile rezultate s\\u0103 fie publicate online sau utilizate pentru realizarea unor materiale de promovare.<\\\/li>\\n\n\n<li>\\u00cen calitate de participant, sunte\\u021bi informat \\u0219i accepta\\u021bi s\\u0103 respecta\\u021bi normele \\u0219i reglement\\u0103rile impuse de Hot\\u0103r\\u00e2rea nr. 41\\\/24.06.2021 privind propunerea adopt\\u0103rii unor m\\u0103suri de relaxare \\u00een contextul evolu\\u021biei pandemiei de COVID-19.<span><\\\/span><\\\/li>\\n<\\\/ol>\",\"margin\":\"default\",\"margin_remove_top\":true,\"text_color\":\"emphasis\"}}]}],\"props\":{\"margin\":\"large\"}},{\"type\":\"row\",\"children\":[{\"type\":\"column\",\"props\":{\"image_position\":\"center-center\",\"position_sticky_breakpoint\":\"m\"},\"children\":[{\"type\":\"headline\",\"props\":{\"content\":\"<strong>Politica de anulare<\\\/strong>\",\"margin\":\"medium\",\"title_element\":\"h2\",\"title_style\":\"h5\"}},{\"type\":\"text\",\"props\":{\"column_breakpoint\":\"m\",\"content\":\"\n\n<ol>\\n\n\n<li>O comand\\u0103 finalizat\\u0103 nu poate fi anulat\\u0103 sau modificat\\u0103.<\\\/li>\\n\n\n<li>Biletele achizi\\u021bionate nu pot fi returnate sau schimbate.<\\\/li>\\n\n\n<li>\\u00cen cazul reprogram\\u0103rii unui eveniment, biletele achizi\\u021bionate r\\u0103m\\u00e2n valabile. \\u00cen cazul \\u00een care nu ve\\u021bi putea participa \\u00een data nou\\u0103 stabilit\\u0103, pute\\u021bi opta s\\u0103 beneficia\\u021bi de un voucher reprezent\\u00e2nd contravaloarea sumei pl\\u0103tite, pe care \\u00eel pute\\u021bi folosi pentru achizi\\u021bionarea de bilete la alte evenimente organizate de Zaga Zaga. Sau s\\u0103 vi se vireze banii pl\\u0103ti\\u021bi \\u00een contul dumneavoastr\\u0103.<\\\/li>\\n\n\n<li>Dac\\u0103 un eveniment va fi anulat din motive ce \\u021bin exclusiv de organizator \\u0219i\\\/sau arti\\u0219ti, v\\u0103 vom contacta pe adresa de email furnizat\\u0103 \\u00een momentul achizi\\u021bion\\u0103rii biletelor \\u0219i v\\u0103 vom furniza informa\\u021biile necesare recuper\\u0103rii sumei pl\\u0103tite fie ca voucher valoric, fie ca sum\\u0103 de bani \\u00een contul dumneavoastr\\u0103.<\\\/li>\\n\n\n<li>\\u00cen caz de for\\u021b\\u0103 major\\u0103 sau de instaurare a st\\u0103rii de urgen\\u021b\\u0103, vom comunica \\u0219i vom ac\\u021biona \\u00een func\\u021bie de normele \\u0219i reglement\\u0103rile legale \\u00een vigoare.<\\\/li>\\n\n\n<li>Not\\u0103 de informare privind protec\\u021bia datelor personale<br \\\/>Conform cerin\\u021belor Legii nr. 677\\\/2001 pentru protec\\u021bia persoanelor cu privire la prelucrarea datelor cu caracter personal \\u0219i libera circula\\u021bie a acestor date, modificat\\u0103 \\u0219i completat\\u0103, \\u0219i ale Legii nr. 506\\\/2004 privind prelucrarea datelor cu caracter personal \\u0219i protec\\u021bia vie\\u021bii private \\u00een sectorul comunica\\u021biilor electronice, administratorul site-ului va administra \\u00een condi\\u021bii de siguran\\u021b\\u0103 \\u0219i numai pentru scopurile specificate, datele personale furnizate de utilizatori.<\\\/li>\\n\n\n<li>V\\u0103 informam c\\u0103 datele personale pe care le furniza\\u021bi \\u00een momentul achizi\\u021bion\\u0103rii de bilete online (nume, prenume, adres\\u0103 de email \\u0219i, op\\u021bional, num\\u0103rul de telefon) sunt prelucrate strict \\u00een scopul oferirii \\u00een condi\\u021bii optime a servicilor. Utilizatorii \\u00eenteleg \\u0219i accept\\u0103 ca datele personale pe care le furnizeaz\\u0103 sunt prelucrate \\u00een scopul oferirii \\u00een condi\\u021bii optime a serviciilor achizi\\u021bionate \\u0219i a comunic\\u0103rii electronice cu privire la serviciile achizi\\u021bionate.<\\\/li>\\n\n\n<li>Fiecare utilizator, la op\\u021biunea sa proprie, furnizeaz\\u0103 unele dintre datele sale personale pentru a beneficia de serviciul oferit. Refuzul furnizarii anumitor date poate conduce la imposibilitatea acces\\u0103rii anumitor servicii prin intermediul site-ului.<\\\/li>\\n<\\\/ol>\",\"id\":\"cancel-policy\",\"margin\":\"default\",\"margin_remove_top\":true,\"text_color\":\"emphasis\"}},{\"type\":\"text\",\"props\":{\"column_breakpoint\":\"m\",\"content\":\"\n\n<p><strong>V\\u0103 mul\\u021bumim pentru \\u00een\\u021belegere \\u0219i v\\u0103 a\\u0219tept\\u0103m cu drag!<\\\/strong><br \\\/>Contact: <strong><a href=\\\"mailto:bilete@zagazaga.ro\\\" target=\\\"_blank\\\" rel=\\\"noopener\\\">bilete@zagazaga.ro<\\\/a><\\\/strong><\\\/p>\",\"margin\":\"default\",\"margin_remove_top\":true,\"text_color\":\"emphasis\"}}]}],\"props\":{\"margin\":\"xlarge\",\"margin_remove_bottom\":true}}],\"name\":\"Regulament\"},{\"type\":\"section\",\"props\":{\"image_position\":\"center-center\",\"padding_remove_top\":false,\"style\":\"default\",\"title_breakpoint\":\"xl\",\"title_position\":\"top-left\",\"title_rotation\":\"left\",\"vertical_align\":\"middle\",\"width\":\"default\"},\"children\":[{\"type\":\"row\",\"children\":[{\"type\":\"column\",\"props\":{\"image_position\":\"center-center\",\"position_sticky_breakpoint\":\"m\"},\"children\":[{\"type\":\"html\",\"props\":{\"class\":\"uk-text-center\",\"content\":\"[pdf_export]\"}}]}]}],\"name\":\"Export PDF Button\"}],\"version\":\"4.3.5\"} --><\/p>\n","protected":false},"excerpt":{"rendered":"<p>OPEN-AIR events by Zaga Zaga Regulament evenimente \u00een aer liber Termeni \u0219i condi\u021bii Achizi\u021bionarea \u0219i folosirea acestui website constituie acceptul de a respecta concomitent regulamentul oficial al evenimentului \u0219i al satului de vacan\u021b\u0103 Zaga Zaga, precum \u0219i termenii \u0219i condi\u021biile de utilizare a biletului. Fiecare comand\u0103 este considerat\u0103 finalizat\u0103 \u00een momentul pl\u0103\u021bii online \u0219i nu [&hellip;]<\/p>\n","protected":false},"author":1,"featured_media":0,"parent":0,"menu_order":0,"comment_status":"closed","ping_status":"closed","template":"","meta":{"footnotes":""},"class_list":["post-5927","page","type-page","status-publish","hentry"],"_links":{"self":[{"href":"https:\/\/zagazaga.ro\/en\/wp-json\/wp\/v2\/pages\/5927","targetHints":{"allow":["GET"]}}],"collection":[{"href":"https:\/\/zagazaga.ro\/en\/wp-json\/wp\/v2\/pages"}],"about":[{"href":"https:\/\/zagazaga.ro\/en\/wp-json\/wp\/v2\/types\/page"}],"author":[{"embeddable":true,"href":"https:\/\/zagazaga.ro\/en\/wp-json\/wp\/v2\/users\/1"}],"replies":[{"embeddable":true,"href":"https:\/\/zagazaga.ro\/en\/wp-json\/wp\/v2\/comments?post=5927"}],"version-history":[{"count":2,"href":"https:\/\/zagazaga.ro\/en\/wp-json\/wp\/v2\/pages\/5927\/revisions"}],"predecessor-version":[{"id":10549,"href":"https:\/\/zagazaga.ro\/en\/wp-json\/wp\/v2\/pages\/5927\/revisions\/10549"}],"wp:attachment":[{"href":"https:\/\/zagazaga.ro\/en\/wp-json\/wp\/v2\/media?parent=5927"}],"curies":[{"name":"wp","href":"https:\/\/api.w.org\/{rel}","templated":true}]}}